{"id":861,"date":"2021-12-10T02:37:10","date_gmt":"2021-12-10T02:37:10","guid":{"rendered":"http:\/\/gcanbus.com\/?page_id=861"},"modified":"2024-01-15T11:42:13","modified_gmt":"2024-01-15T03:42:13","slug":"plc-io-coupler","status":"publish","type":"page","link":"https:\/\/gcanbus.com\/fr\/plc-io-coupler\/","title":{"rendered":"S\u00e9rie de coupleurs PLC &amp; IO"},"content":{"rendered":"<div class=\"fusion-fullwidth fullwidth-box fusion-builder-row-1 fusion-flex-container nonhundred-percent-fullwidth non-hundred-percent-height-scrolling\" style=\"--awb-border-radius-top-left:0px;--awb-border-radius-top-right:0px;--awb-border-radius-bottom-right:0px;--awb-border-radius-bottom-left:0px;--awb-flex-wrap:wrap;\" ><div class=\"fusion-builder-row fusion-row fusion-flex-align-items-flex-start fusion-flex-content-wrap\" style=\"max-width:1123.2px;margin-left: calc(-4% \/ 2 );margin-right: calc(-4% \/ 2 );\"><div class=\"fusion-layout-column fusion_builder_column fusion-builder-column-0 fusion_builder_column_1_4 1_4 fusion-flex-column\" style=\"--awb-bg-size:cover;--awb-width-large:25%;--awb-margin-top-large:0px;--awb-spacing-right-large:7.68%;--awb-margin-bottom-large:20px;--awb-spacing-left-large:7.68%;--awb-width-medium:25%;--awb-order-medium:0;--awb-spacing-right-medium:7.68%;--awb-spacing-left-medium:7.68%;--awb-width-small:100%;--awb-order-small:0;--awb-spacing-right-small:1.92%;--awb-spacing-left-small:1.92%;\"><div class=\"fusion-column-wrapper fusion-column-has-shadow fusion-flex-justify-content-flex-start fusion-content-layout-column\"><div class=\"fusion-image-element\" style=\"--awb-caption-title-font-family:var(--h2_typography-font-family);--awb-caption-title-font-weight:var(--h2_typography-font-weight);--awb-caption-title-font-style:var(--h2_typography-font-style);--awb-caption-title-size:var(--h2_typography-font-size);--awb-caption-title-transform:var(--h2_typography-text-transform);--awb-caption-title-line-height:var(--h2_typography-line-height);--awb-caption-title-letter-spacing:var(--h2_typography-letter-spacing);\"><span class=\"fusion-imageframe imageframe-none imageframe-1 hover-type-none\"><a class=\"fusion-no-lightbox\" href=\"\/fr\/products\/plc-con\/\" target=\"_self\" aria-label=\"plc55\"><img decoding=\"async\" width=\"300\" height=\"300\" alt=\"PLC\" src=\"https:\/\/gcanbus.com\/wp-content\/uploads\/2021\/12\/plc55.jpg\" data-orig-src=\"http:\/\/gcanbus.com\/wp-content\/uploads\/2021\/12\/plc55-300x300.jpg\" class=\"lazyload img-responsive wp-image-2895\" srcset=\"data:image\/svg+xml,%3Csvg%20xmlns%3D%27http%3A%2F%2Fwww.w3.org%2F2000%2Fsvg%27%20width%3D%27800%27%20height%3D%27800%27%20viewBox%3D%270%200%20800%20800%27%3E%3Crect%20width%3D%27800%27%20height%3D%27800%27%20fill-opacity%3D%220%22%2F%3E%3C%2Fsvg%3E\" data-srcset=\"https:\/\/gcanbus.com\/wp-content\/uploads\/2021\/12\/plc55-200x200.jpg 200w, https:\/\/gcanbus.com\/wp-content\/uploads\/2021\/12\/plc55-400x400.jpg 400w, https:\/\/gcanbus.com\/wp-content\/uploads\/2021\/12\/plc55-600x600.jpg 600w, https:\/\/gcanbus.com\/wp-content\/uploads\/2021\/12\/plc55.jpg 800w\" data-sizes=\"auto\" data-orig-sizes=\"(max-width: 640px) 100vw, 400px\" \/><\/a><\/span><\/div><div class=\"fusion-text fusion-text-1\" style=\"--awb-text-transform:none;\"><p style=\"text-align: center;\"><a href=\"http:\/\/gcanbus.com\/fr\/products\/plc-con\/\"><strong>3 Types de module de contr\u00f4le principal - Support Codesys\/OpenPCS<\/strong><\/a><\/p>\n<\/div><\/div><\/div><div class=\"fusion-layout-column fusion_builder_column fusion-builder-column-1 fusion_builder_column_1_4 1_4 fusion-flex-column\" style=\"--awb-bg-size:cover;--awb-width-large:25%;--awb-margin-top-large:0px;--awb-spacing-right-large:7.68%;--awb-margin-bottom-large:20px;--awb-spacing-left-large:7.68%;--awb-width-medium:25%;--awb-order-medium:0;--awb-spacing-right-medium:7.68%;--awb-spacing-left-medium:7.68%;--awb-width-small:100%;--awb-order-small:0;--awb-spacing-right-small:1.92%;--awb-spacing-left-small:1.92%;\"><div class=\"fusion-column-wrapper fusion-column-has-shadow fusion-flex-justify-content-flex-start fusion-content-layout-column\"><div class=\"fusion-image-element\" style=\"--awb-caption-title-font-family:var(--h2_typography-font-family);--awb-caption-title-font-weight:var(--h2_typography-font-weight);--awb-caption-title-font-style:var(--h2_typography-font-style);--awb-caption-title-size:var(--h2_typography-font-size);--awb-caption-title-transform:var(--h2_typography-text-transform);--awb-caption-title-line-height:var(--h2_typography-line-height);--awb-caption-title-letter-spacing:var(--h2_typography-letter-spacing);\"><span class=\"fusion-imageframe imageframe-none imageframe-2 hover-type-none\"><a class=\"fusion-no-lightbox\" href=\"\/fr\/products\/io-coupler\/\" target=\"_self\" aria-label=\"S\u00e9rie de contr\u00f4leurs PLC\"><img decoding=\"async\" width=\"300\" height=\"300\" alt=\"PLC\" src=\"https:\/\/gcanbus.com\/wp-content\/uploads\/2021\/12\/PLC-controller-series-4.jpg\" data-orig-src=\"http:\/\/gcanbus.com\/wp-content\/uploads\/2021\/12\/PLC-controller-series-4-300x300.jpg\" class=\"lazyload img-responsive wp-image-2593\" srcset=\"data:image\/svg+xml,%3Csvg%20xmlns%3D%27http%3A%2F%2Fwww.w3.org%2F2000%2Fsvg%27%20width%3D%27800%27%20height%3D%27800%27%20viewBox%3D%270%200%20800%20800%27%3E%3Crect%20width%3D%27800%27%20height%3D%27800%27%20fill-opacity%3D%220%22%2F%3E%3C%2Fsvg%3E\" data-srcset=\"https:\/\/gcanbus.com\/wp-content\/uploads\/2021\/12\/PLC-controller-series-4-200x200.jpg 200w, https:\/\/gcanbus.com\/wp-content\/uploads\/2021\/12\/PLC-controller-series-4-400x400.jpg 400w, https:\/\/gcanbus.com\/wp-content\/uploads\/2021\/12\/PLC-controller-series-4-600x600.jpg 600w, https:\/\/gcanbus.com\/wp-content\/uploads\/2021\/12\/PLC-controller-series-4.jpg 800w\" data-sizes=\"auto\" data-orig-sizes=\"(max-width: 640px) 100vw, 400px\" \/><\/a><\/span><\/div><div class=\"fusion-text fusion-text-2\" style=\"--awb-text-transform:none;\"><p style=\"text-align: center;\"><a href=\"\/fr\/products\/io-coupler\/\"><strong>4 Types Coupleur CANopen &amp; Modbus IO<\/strong><\/a><\/p>\n<\/div><\/div><\/div><div class=\"fusion-layout-column fusion_builder_column fusion-builder-column-2 fusion_builder_column_1_4 1_4 fusion-flex-column\" style=\"--awb-bg-size:cover;--awb-width-large:25%;--awb-margin-top-large:0px;--awb-spacing-right-large:7.68%;--awb-margin-bottom-large:20px;--awb-spacing-left-large:7.68%;--awb-width-medium:25%;--awb-order-medium:0;--awb-spacing-right-medium:7.68%;--awb-spacing-left-medium:7.68%;--awb-width-small:100%;--awb-order-small:0;--awb-spacing-right-small:1.92%;--awb-spacing-left-small:1.92%;\"><div class=\"fusion-column-wrapper fusion-column-has-shadow fusion-flex-justify-content-flex-start fusion-content-layout-column\"><div class=\"fusion-image-element\" style=\"--awb-caption-title-font-family:var(--h2_typography-font-family);--awb-caption-title-font-weight:var(--h2_typography-font-weight);--awb-caption-title-font-style:var(--h2_typography-font-style);--awb-caption-title-size:var(--h2_typography-font-size);--awb-caption-title-transform:var(--h2_typography-text-transform);--awb-caption-title-line-height:var(--h2_typography-line-height);--awb-caption-title-letter-spacing:var(--h2_typography-letter-spacing);\"><span class=\"fusion-imageframe imageframe-none imageframe-3 hover-type-none\"><a class=\"fusion-no-lightbox\" href=\"\/fr\/products\/io-module\/\" target=\"_self\" aria-label=\"plc5\"><img decoding=\"async\" width=\"300\" height=\"300\" alt=\"PLC\" src=\"https:\/\/gcanbus.com\/wp-content\/uploads\/2021\/12\/plc5.jpg\" data-orig-src=\"http:\/\/gcanbus.com\/wp-content\/uploads\/2021\/12\/plc5-300x300.jpg\" class=\"lazyload img-responsive wp-image-2894\" srcset=\"data:image\/svg+xml,%3Csvg%20xmlns%3D%27http%3A%2F%2Fwww.w3.org%2F2000%2Fsvg%27%20width%3D%27800%27%20height%3D%27800%27%20viewBox%3D%270%200%20800%20800%27%3E%3Crect%20width%3D%27800%27%20height%3D%27800%27%20fill-opacity%3D%220%22%2F%3E%3C%2Fsvg%3E\" data-srcset=\"https:\/\/gcanbus.com\/wp-content\/uploads\/2021\/12\/plc5-200x200.jpg 200w, https:\/\/gcanbus.com\/wp-content\/uploads\/2021\/12\/plc5-400x400.jpg 400w, https:\/\/gcanbus.com\/wp-content\/uploads\/2021\/12\/plc5-600x600.jpg 600w, https:\/\/gcanbus.com\/wp-content\/uploads\/2021\/12\/plc5.jpg 800w\" data-sizes=\"auto\" data-orig-sizes=\"(max-width: 640px) 100vw, 400px\" \/><\/a><\/span><\/div><div class=\"fusion-text fusion-text-3\" style=\"--awb-text-transform:none;\"><p style=\"text-align: center;\"><a href=\"\/fr\/products\/io-module\/\"><strong>Plus de 30 types de modules IO<\/strong><\/a><\/p>\n<\/div><\/div><\/div><div class=\"fusion-layout-column fusion_builder_column fusion-builder-column-3 fusion_builder_column_1_4 1_4 fusion-flex-column\" style=\"--awb-bg-size:cover;--awb-width-large:25%;--awb-margin-top-large:0px;--awb-spacing-right-large:7.68%;--awb-margin-bottom-large:20px;--awb-spacing-left-large:7.68%;--awb-width-medium:25%;--awb-order-medium:0;--awb-spacing-right-medium:7.68%;--awb-spacing-left-medium:7.68%;--awb-width-small:100%;--awb-order-small:0;--awb-spacing-right-small:1.92%;--awb-spacing-left-small:1.92%;\"><div class=\"fusion-column-wrapper fusion-column-has-shadow fusion-flex-justify-content-flex-start fusion-content-layout-column\"><div class=\"fusion-image-element\" style=\"--awb-caption-title-font-family:var(--h2_typography-font-family);--awb-caption-title-font-weight:var(--h2_typography-font-weight);--awb-caption-title-font-style:var(--h2_typography-font-style);--awb-caption-title-size:var(--h2_typography-font-size);--awb-caption-title-transform:var(--h2_typography-text-transform);--awb-caption-title-line-height:var(--h2_typography-line-height);--awb-caption-title-letter-spacing:var(--h2_typography-letter-spacing);\"><span class=\"fusion-imageframe imageframe-none imageframe-4 hover-type-none\"><a class=\"fusion-no-lightbox\" href=\"\/fr\/products\/canopen-io-8di-8do\/\" target=\"_self\" aria-label=\"CANopen IO 8DI8DO (1)\"><img decoding=\"async\" width=\"300\" height=\"300\" alt=\"PLC\" src=\"https:\/\/gcanbus.com\/wp-content\/uploads\/2021\/12\/CANopen-IO-8DI8DO-1.jpg\" data-orig-src=\"http:\/\/gcanbus.com\/wp-content\/uploads\/2021\/12\/CANopen-IO-8DI8DO-1-300x300.jpg\" class=\"lazyload img-responsive wp-image-2561\" srcset=\"data:image\/svg+xml,%3Csvg%20xmlns%3D%27http%3A%2F%2Fwww.w3.org%2F2000%2Fsvg%27%20width%3D%27800%27%20height%3D%27800%27%20viewBox%3D%270%200%20800%20800%27%3E%3Crect%20width%3D%27800%27%20height%3D%27800%27%20fill-opacity%3D%220%22%2F%3E%3C%2Fsvg%3E\" data-srcset=\"https:\/\/gcanbus.com\/wp-content\/uploads\/2021\/12\/CANopen-IO-8DI8DO-1-200x200.jpg 200w, https:\/\/gcanbus.com\/wp-content\/uploads\/2021\/12\/CANopen-IO-8DI8DO-1-400x400.jpg 400w, https:\/\/gcanbus.com\/wp-content\/uploads\/2021\/12\/CANopen-IO-8DI8DO-1-600x600.jpg 600w, https:\/\/gcanbus.com\/wp-content\/uploads\/2021\/12\/CANopen-IO-8DI8DO-1.jpg 800w\" data-sizes=\"auto\" data-orig-sizes=\"(max-width: 640px) 100vw, 400px\" \/><\/a><\/span><\/div><div class=\"fusion-text fusion-text-4\" style=\"--awb-text-transform:none;\"><p style=\"text-align: center;\"><a href=\"\/fr\/products\/canopen-io-8di-8do\/\"><strong>CANopen IO 8DI\/8DO<\/strong><\/a><\/p>\n<\/div><\/div><\/div><div class=\"fusion-layout-column fusion_builder_column fusion-builder-column-4 fusion_builder_column_1_4 1_4 fusion-flex-column\" style=\"--awb-bg-size:cover;--awb-width-large:25%;--awb-margin-top-large:0px;--awb-spacing-right-large:7.68%;--awb-margin-bottom-large:20px;--awb-spacing-left-large:7.68%;--awb-width-medium:25%;--awb-order-medium:0;--awb-spacing-right-medium:7.68%;--awb-spacing-left-medium:7.68%;--awb-width-small:100%;--awb-order-small:0;--awb-spacing-right-small:1.92%;--awb-spacing-left-small:1.92%;\"><div class=\"fusion-column-wrapper fusion-column-has-shadow fusion-flex-justify-content-flex-start fusion-content-layout-column\"><div class=\"fusion-image-element\" style=\"--awb-caption-title-font-family:var(--h2_typography-font-family);--awb-caption-title-font-weight:var(--h2_typography-font-weight);--awb-caption-title-font-style:var(--h2_typography-font-style);--awb-caption-title-size:var(--h2_typography-font-size);--awb-caption-title-transform:var(--h2_typography-text-transform);--awb-caption-title-line-height:var(--h2_typography-line-height);--awb-caption-title-letter-spacing:var(--h2_typography-letter-spacing);\"><span class=\"fusion-imageframe imageframe-none imageframe-5 hover-type-none\"><a class=\"fusion-no-lightbox\" href=\"http:\/\/gcanbus.com\/fr\/products\/integrated-plc-gcan\/\" target=\"_self\" aria-label=\"GCAN_PLC_324\"><img decoding=\"async\" width=\"800\" height=\"800\" alt=\"PLC\" src=\"https:\/\/gcanbus.com\/wp-content\/uploads\/2022\/10\/GCAN_PLC_324.jpg\" data-orig-src=\"http:\/\/gcanbus.com\/wp-content\/uploads\/2022\/10\/GCAN_PLC_324.jpg\" class=\"lazyload img-responsive wp-image-3956\" srcset=\"data:image\/svg+xml,%3Csvg%20xmlns%3D%27http%3A%2F%2Fwww.w3.org%2F2000%2Fsvg%27%20width%3D%27800%27%20height%3D%27800%27%20viewBox%3D%270%200%20800%20800%27%3E%3Crect%20width%3D%27800%27%20height%3D%27800%27%20fill-opacity%3D%220%22%2F%3E%3C%2Fsvg%3E\" data-srcset=\"https:\/\/gcanbus.com\/wp-content\/uploads\/2022\/10\/GCAN_PLC_324-200x200.jpg 200w, https:\/\/gcanbus.com\/wp-content\/uploads\/2022\/10\/GCAN_PLC_324-400x400.jpg 400w, https:\/\/gcanbus.com\/wp-content\/uploads\/2022\/10\/GCAN_PLC_324-600x600.jpg 600w, https:\/\/gcanbus.com\/wp-content\/uploads\/2022\/10\/GCAN_PLC_324.jpg 800w\" data-sizes=\"auto\" data-orig-sizes=\"(max-width: 640px) 100vw, 400px\" \/><\/a><\/span><\/div><div class=\"fusion-text fusion-text-5\" style=\"--awb-text-transform:none;\"><p style=\"text-align: center;\"><a href=\"http:\/\/gcanbus.com\/fr\/products\/integrated-plc-gcan\/\"><strong>Module de contr\u00f4le principal PLC int\u00e9gr\u00e9-Support OpenPCS &amp; Codesys<\/strong><\/a><\/p>\n<\/div><\/div><\/div><div class=\"fusion-layout-column fusion_builder_column fusion-builder-column-5 fusion_builder_column_1_4 1_4 fusion-flex-column\" style=\"--awb-bg-size:cover;--awb-width-large:25%;--awb-margin-top-large:0px;--awb-spacing-right-large:7.68%;--awb-margin-bottom-large:20px;--awb-spacing-left-large:7.68%;--awb-width-medium:25%;--awb-order-medium:0;--awb-spacing-right-medium:7.68%;--awb-spacing-left-medium:7.68%;--awb-width-small:100%;--awb-order-small:0;--awb-spacing-right-small:1.92%;--awb-spacing-left-small:1.92%;\"><div class=\"fusion-column-wrapper fusion-column-has-shadow fusion-flex-justify-content-flex-start fusion-content-layout-column\"><div class=\"fusion-image-element\" style=\"--awb-caption-title-font-family:var(--h2_typography-font-family);--awb-caption-title-font-weight:var(--h2_typography-font-weight);--awb-caption-title-font-style:var(--h2_typography-font-style);--awb-caption-title-size:var(--h2_typography-font-size);--awb-caption-title-transform:var(--h2_typography-text-transform);--awb-caption-title-line-height:var(--h2_typography-line-height);--awb-caption-title-letter-spacing:var(--h2_typography-letter-spacing);\"><span class=\"fusion-imageframe imageframe-none imageframe-6 hover-type-none\"><a class=\"fusion-no-lightbox\" href=\"http:\/\/gcanbus.com\/fr\/products\/plc-main-control\/\" target=\"_self\" aria-label=\"Module de contr\u00f4le principal GCAN PLC\"><img decoding=\"async\" width=\"800\" height=\"800\" alt=\"PLC\" src=\"https:\/\/gcanbus.com\/wp-content\/uploads\/2024\/01\/\u901f\u5356\u901aGCAN-301\u4e3b\u56fe-02.webp\" data-orig-src=\"http:\/\/gcanbus.com\/wp-content\/uploads\/2024\/01\/\u901f\u5356\u901aGCAN-301\u4e3b\u56fe-02.webp\" class=\"lazyload img-responsive wp-image-4686\" srcset=\"data:image\/svg+xml,%3Csvg%20xmlns%3D%27http%3A%2F%2Fwww.w3.org%2F2000%2Fsvg%27%20width%3D%27800%27%20height%3D%27800%27%20viewBox%3D%270%200%20800%20800%27%3E%3Crect%20width%3D%27800%27%20height%3D%27800%27%20fill-opacity%3D%220%22%2F%3E%3C%2Fsvg%3E\" data-srcset=\"https:\/\/gcanbus.com\/wp-content\/uploads\/2024\/01\/\u901f\u5356\u901aGCAN-301\u4e3b\u56fe-02-12x12.webp 12w, https:\/\/gcanbus.com\/wp-content\/uploads\/2024\/01\/\u901f\u5356\u901aGCAN-301\u4e3b\u56fe-02-66x66.webp 66w, https:\/\/gcanbus.com\/wp-content\/uploads\/2024\/01\/\u901f\u5356\u901aGCAN-301\u4e3b\u56fe-02-150x150.webp 150w, https:\/\/gcanbus.com\/wp-content\/uploads\/2024\/01\/\u901f\u5356\u901aGCAN-301\u4e3b\u56fe-02-200x200.webp 200w, https:\/\/gcanbus.com\/wp-content\/uploads\/2024\/01\/\u901f\u5356\u901aGCAN-301\u4e3b\u56fe-02-300x300.webp 300w, https:\/\/gcanbus.com\/wp-content\/uploads\/2024\/01\/\u901f\u5356\u901aGCAN-301\u4e3b\u56fe-02-400x400.webp 400w, https:\/\/gcanbus.com\/wp-content\/uploads\/2024\/01\/\u901f\u5356\u901aGCAN-301\u4e3b\u56fe-02-600x600.webp 600w, https:\/\/gcanbus.com\/wp-content\/uploads\/2024\/01\/\u901f\u5356\u901aGCAN-301\u4e3b\u56fe-02-768x768.webp 768w, https:\/\/gcanbus.com\/wp-content\/uploads\/2024\/01\/\u901f\u5356\u901aGCAN-301\u4e3b\u56fe-02.webp 800w\" data-sizes=\"auto\" data-orig-sizes=\"(max-width: 640px) 100vw, 400px\" \/><\/a><\/span><\/div><div class=\"fusion-text fusion-text-6\" style=\"--awb-text-transform:none;\"><p style=\"text-align: center;\"><a href=\"http:\/\/gcanbus.com\/fr\/products\/plc-main-control\/\"><strong>Module de contr\u00f4le principal PLC enfichable - Support OpenPCS &amp; Codesys<\/strong><\/a><\/p>\n<\/div><\/div><\/div><div class=\"fusion-layout-column fusion_builder_column fusion-builder-column-6 fusion_builder_column_1_4 1_4 fusion-flex-column\" style=\"--awb-bg-size:cover;--awb-width-large:25%;--awb-margin-top-large:0px;--awb-spacing-right-large:7.68%;--awb-margin-bottom-large:20px;--awb-spacing-left-large:7.68%;--awb-width-medium:25%;--awb-order-medium:0;--awb-spacing-right-medium:7.68%;--awb-spacing-left-medium:7.68%;--awb-width-small:100%;--awb-order-small:0;--awb-spacing-right-small:1.92%;--awb-spacing-left-small:1.92%;\"><div class=\"fusion-column-wrapper fusion-column-has-shadow fusion-flex-justify-content-flex-start fusion-content-layout-column\"><div class=\"fusion-image-element\" style=\"--awb-caption-title-font-family:var(--h2_typography-font-family);--awb-caption-title-font-weight:var(--h2_typography-font-weight);--awb-caption-title-font-style:var(--h2_typography-font-style);--awb-caption-title-size:var(--h2_typography-font-size);--awb-caption-title-transform:var(--h2_typography-text-transform);--awb-caption-title-line-height:var(--h2_typography-line-height);--awb-caption-title-letter-spacing:var(--h2_typography-letter-spacing);\"><span class=\"fusion-imageframe imageframe-none imageframe-7 hover-type-none\"><a class=\"fusion-no-lightbox\" href=\"http:\/\/gcanbus.com\/fr\/products\/plc-controller\/\" target=\"_self\" aria-label=\"fournisseur chinois d&#039;automates programmables\"><img decoding=\"async\" width=\"800\" height=\"800\" alt=\"PLC\" src=\"https:\/\/gcanbus.com\/wp-content\/uploads\/2024\/01\/\u901f\u5356\u901aGCAN-320\u4e3b\u56fe-01.webp\" data-orig-src=\"http:\/\/gcanbus.com\/wp-content\/uploads\/2024\/01\/\u901f\u5356\u901aGCAN-320\u4e3b\u56fe-01.webp\" class=\"lazyload img-responsive wp-image-4721\" srcset=\"data:image\/svg+xml,%3Csvg%20xmlns%3D%27http%3A%2F%2Fwww.w3.org%2F2000%2Fsvg%27%20width%3D%27800%27%20height%3D%27800%27%20viewBox%3D%270%200%20800%20800%27%3E%3Crect%20width%3D%27800%27%20height%3D%27800%27%20fill-opacity%3D%220%22%2F%3E%3C%2Fsvg%3E\" data-srcset=\"https:\/\/gcanbus.com\/wp-content\/uploads\/2024\/01\/\u901f\u5356\u901aGCAN-320\u4e3b\u56fe-01-12x12.webp 12w, https:\/\/gcanbus.com\/wp-content\/uploads\/2024\/01\/\u901f\u5356\u901aGCAN-320\u4e3b\u56fe-01-66x66.webp 66w, https:\/\/gcanbus.com\/wp-content\/uploads\/2024\/01\/\u901f\u5356\u901aGCAN-320\u4e3b\u56fe-01-150x150.webp 150w, https:\/\/gcanbus.com\/wp-content\/uploads\/2024\/01\/\u901f\u5356\u901aGCAN-320\u4e3b\u56fe-01-200x200.webp 200w, https:\/\/gcanbus.com\/wp-content\/uploads\/2024\/01\/\u901f\u5356\u901aGCAN-320\u4e3b\u56fe-01-300x300.webp 300w, https:\/\/gcanbus.com\/wp-content\/uploads\/2024\/01\/\u901f\u5356\u901aGCAN-320\u4e3b\u56fe-01-400x400.webp 400w, https:\/\/gcanbus.com\/wp-content\/uploads\/2024\/01\/\u901f\u5356\u901aGCAN-320\u4e3b\u56fe-01-600x600.webp 600w, https:\/\/gcanbus.com\/wp-content\/uploads\/2024\/01\/\u901f\u5356\u901aGCAN-320\u4e3b\u56fe-01-768x768.webp 768w, https:\/\/gcanbus.com\/wp-content\/uploads\/2024\/01\/\u901f\u5356\u901aGCAN-320\u4e3b\u56fe-01.webp 800w\" data-sizes=\"auto\" data-orig-sizes=\"(max-width: 640px) 100vw, 400px\" \/><\/a><\/span><\/div><div class=\"fusion-text fusion-text-7\" style=\"--awb-text-transform:none;\"><p style=\"text-align: center;\"><a href=\"http:\/\/gcanbus.com\/fr\/products\/plc-controller\/\"><strong>PLC Main Control Module 8DI 6DO- Support OpenPCS &amp; Codesys<\/strong><\/a><\/p>\n<\/div><\/div><\/div><div class=\"fusion-layout-column fusion_builder_column fusion-builder-column-7 fusion_builder_column_1_4 1_4 fusion-flex-column\" style=\"--awb-bg-size:cover;--awb-width-large:25%;--awb-margin-top-large:0px;--awb-spacing-right-large:7.68%;--awb-margin-bottom-large:20px;--awb-spacing-left-large:7.68%;--awb-width-medium:25%;--awb-order-medium:0;--awb-spacing-right-medium:7.68%;--awb-spacing-left-medium:7.68%;--awb-width-small:100%;--awb-order-small:0;--awb-spacing-right-small:1.92%;--awb-spacing-left-small:1.92%;\"><div class=\"fusion-column-wrapper fusion-column-has-shadow fusion-flex-justify-content-flex-start fusion-content-layout-column\"><div class=\"fusion-image-element\" style=\"--awb-caption-title-font-family:var(--h2_typography-font-family);--awb-caption-title-font-weight:var(--h2_typography-font-weight);--awb-caption-title-font-style:var(--h2_typography-font-style);--awb-caption-title-size:var(--h2_typography-font-size);--awb-caption-title-transform:var(--h2_typography-text-transform);--awb-caption-title-line-height:var(--h2_typography-line-height);--awb-caption-title-letter-spacing:var(--h2_typography-letter-spacing);\"><span class=\"fusion-imageframe imageframe-none imageframe-8 hover-type-none\"><a class=\"fusion-no-lightbox\" href=\"http:\/\/gcanbus.com\/fr\/products\/can-canopen-io-8di-8do\/\" target=\"_self\" aria-label=\"Convertisseur CAN\"><img decoding=\"async\" width=\"800\" height=\"800\" alt=\"PLC\" src=\"https:\/\/gcanbus.com\/wp-content\/uploads\/2024\/01\/\u901f\u5356\u901aGCAN-4056\u4e3b\u56fe-01.webp\" data-orig-src=\"http:\/\/gcanbus.com\/wp-content\/uploads\/2024\/01\/\u901f\u5356\u901aGCAN-4056\u4e3b\u56fe-01.webp\" class=\"lazyload img-responsive wp-image-4737\" srcset=\"data:image\/svg+xml,%3Csvg%20xmlns%3D%27http%3A%2F%2Fwww.w3.org%2F2000%2Fsvg%27%20width%3D%27800%27%20height%3D%27800%27%20viewBox%3D%270%200%20800%20800%27%3E%3Crect%20width%3D%27800%27%20height%3D%27800%27%20fill-opacity%3D%220%22%2F%3E%3C%2Fsvg%3E\" data-srcset=\"https:\/\/gcanbus.com\/wp-content\/uploads\/2024\/01\/\u901f\u5356\u901aGCAN-4056\u4e3b\u56fe-01-12x12.webp 12w, https:\/\/gcanbus.com\/wp-content\/uploads\/2024\/01\/\u901f\u5356\u901aGCAN-4056\u4e3b\u56fe-01-66x66.webp 66w, https:\/\/gcanbus.com\/wp-content\/uploads\/2024\/01\/\u901f\u5356\u901aGCAN-4056\u4e3b\u56fe-01-150x150.webp 150w, https:\/\/gcanbus.com\/wp-content\/uploads\/2024\/01\/\u901f\u5356\u901aGCAN-4056\u4e3b\u56fe-01-200x200.webp 200w, https:\/\/gcanbus.com\/wp-content\/uploads\/2024\/01\/\u901f\u5356\u901aGCAN-4056\u4e3b\u56fe-01-300x300.webp 300w, https:\/\/gcanbus.com\/wp-content\/uploads\/2024\/01\/\u901f\u5356\u901aGCAN-4056\u4e3b\u56fe-01-400x400.webp 400w, https:\/\/gcanbus.com\/wp-content\/uploads\/2024\/01\/\u901f\u5356\u901aGCAN-4056\u4e3b\u56fe-01-600x600.webp 600w, https:\/\/gcanbus.com\/wp-content\/uploads\/2024\/01\/\u901f\u5356\u901aGCAN-4056\u4e3b\u56fe-01-768x768.webp 768w, https:\/\/gcanbus.com\/wp-content\/uploads\/2024\/01\/\u901f\u5356\u901aGCAN-4056\u4e3b\u56fe-01.webp 800w\" data-sizes=\"auto\" data-orig-sizes=\"(max-width: 640px) 100vw, 400px\" \/><\/a><\/span><\/div><div class=\"fusion-text fusion-text-8\" style=\"--awb-text-transform:none;\"><p style=\"text-align: center;\"><a href=\"http:\/\/gcanbus.com\/fr\/products\/can-canopen-io-8di-8do\/\"><b>CAN\/CANopen IO 8DI\/8DO<\/b><\/a><\/p>\n<\/div><\/div><\/div><\/div><\/div>","protected":false},"excerpt":{"rendered":"","protected":false},"author":1,"featured_media":0,"parent":0,"menu_order":0,"comment_status":"closed","ping_status":"closed","template":"100-width.php","meta":{"_joinchat":[],"footnotes":""},"class_list":["post-861","page","type-page","status-publish","hentry"],"_links":{"self":[{"href":"https:\/\/gcanbus.com\/fr\/wp-json\/wp\/v2\/pages\/861","targetHints":{"allow":["GET"]}}],"collection":[{"href":"https:\/\/gcanbus.com\/fr\/wp-json\/wp\/v2\/pages"}],"about":[{"href":"https:\/\/gcanbus.com\/fr\/wp-json\/wp\/v2\/types\/page"}],"author":[{"embeddable":true,"href":"https:\/\/gcanbus.com\/fr\/wp-json\/wp\/v2\/users\/1"}],"replies":[{"embeddable":true,"href":"https:\/\/gcanbus.com\/fr\/wp-json\/wp\/v2\/comments?post=861"}],"version-history":[{"count":0,"href":"https:\/\/gcanbus.com\/fr\/wp-json\/wp\/v2\/pages\/861\/revisions"}],"wp:attachment":[{"href":"https:\/\/gcanbus.com\/fr\/wp-json\/wp\/v2\/media?parent=861"}],"curies":[{"name":"wp","href":"https:\/\/api.w.org\/{rel}","templated":true}]}}