{"id":3544,"date":"2022-09-09T09:32:51","date_gmt":"2022-09-09T01:32:51","guid":{"rendered":"http:\/\/gcanbus.com\/?page_id=3544"},"modified":"2022-09-09T09:32:51","modified_gmt":"2022-09-09T01:32:51","slug":"buy-low-cost-plc","status":"publish","type":"page","link":"https:\/\/gcanbus.com\/fr\/buy-low-cost-plc\/","title":{"rendered":"Acheter un automate \u00e0 bas prix"},"content":{"rendered":"<div class=\"fusion-fullwidth fullwidth-box fusion-builder-row-1 fusion-flex-container nonhundred-percent-fullwidth non-hundred-percent-height-scrolling\" style=\"--awb-border-radius-top-left:0px;--awb-border-radius-top-right:0px;--awb-border-radius-bottom-right:0px;--awb-border-radius-bottom-left:0px;--awb-flex-wrap:wrap;\" ><div class=\"fusion-builder-row fusion-row fusion-flex-align-items-flex-start fusion-flex-content-wrap\" style=\"max-width:1123.2px;margin-left: calc(-4% \/ 2 );margin-right: calc(-4% \/ 2 );\"><div class=\"fusion-layout-column fusion_builder_column fusion-builder-column-0 fusion_builder_column_1_1 1_1 fusion-flex-column\" style=\"--awb-bg-size:cover;--awb-width-large:100%;--awb-margin-top-large:0px;--awb-spacing-right-large:1.92%;--awb-margin-bottom-large:20px;--awb-spacing-left-large:1.92%;--awb-width-medium:100%;--awb-order-medium:0;--awb-spacing-right-medium:1.92%;--awb-spacing-left-medium:1.92%;--awb-width-small:100%;--awb-order-small:0;--awb-spacing-right-small:1.92%;--awb-spacing-left-small:1.92%;\"><div class=\"fusion-column-wrapper fusion-column-has-shadow fusion-flex-justify-content-flex-start fusion-content-layout-column\"><div class=\"fusion-text fusion-text-1\" style=\"--awb-text-transform:none;\"><p>Si vous \u00eates seul et que vous souhaitez apprendre les automates pour la premi\u00e8re fois, ou si vous d\u00e9marrez une activit\u00e9 professionnelle, vous devez savoir que les automates ne sont pas des outils de travail mais des outils de travail. <strong>l'argent peut \u00eatre tr\u00e8s limit\u00e9<\/strong>.  L'une des r\u00e9actions les plus courantes \u00e0 l'achat d'un automate pour la premi\u00e8re fois est de chercher un appareil bon march\u00e9 et durable. Mais une fois que votre entreprise est sur la bonne voie et que vous souhaitez vous d\u00e9velopper, vous vous retrouverez \u00e0 devoir <strong>d\u00e9penser une fortune pour un nouvel automate avec plus d'interfaces<\/strong>.<\/p>\n<p>Notre soci\u00e9t\u00e9 propose des automates programmables \u00e9volutifs \u00e0 des prix abordables. Si vous souhaitez en savoir plus, nous vous invitons \u00e0 parcourir notre site web en cliquant sur la barre de navigation en haut de la page.<\/p>\n<\/div><\/div><\/div><\/div><\/div>","protected":false},"excerpt":{"rendered":"","protected":false},"author":1,"featured_media":0,"parent":0,"menu_order":0,"comment_status":"closed","ping_status":"closed","template":"","meta":{"_joinchat":[],"footnotes":""},"class_list":["post-3544","page","type-page","status-publish","hentry"],"_links":{"self":[{"href":"https:\/\/gcanbus.com\/fr\/wp-json\/wp\/v2\/pages\/3544","targetHints":{"allow":["GET"]}}],"collection":[{"href":"https:\/\/gcanbus.com\/fr\/wp-json\/wp\/v2\/pages"}],"about":[{"href":"https:\/\/gcanbus.com\/fr\/wp-json\/wp\/v2\/types\/page"}],"author":[{"embeddable":true,"href":"https:\/\/gcanbus.com\/fr\/wp-json\/wp\/v2\/users\/1"}],"replies":[{"embeddable":true,"href":"https:\/\/gcanbus.com\/fr\/wp-json\/wp\/v2\/comments?post=3544"}],"version-history":[{"count":0,"href":"https:\/\/gcanbus.com\/fr\/wp-json\/wp\/v2\/pages\/3544\/revisions"}],"wp:attachment":[{"href":"https:\/\/gcanbus.com\/fr\/wp-json\/wp\/v2\/media?parent=3544"}],"curies":[{"name":"wp","href":"https:\/\/api.w.org\/{rel}","templated":true}]}}