{"id":2734,"date":"2021-12-21T06:24:37","date_gmt":"2021-12-21T06:24:37","guid":{"rendered":"http:\/\/gcanbus.com\/?page_id=2734"},"modified":"2023-04-19T08:13:39","modified_gmt":"2023-04-19T00:13:39","slug":"software-download","status":"publish","type":"page","link":"https:\/\/gcanbus.com\/fr\/software-download\/","title":{"rendered":"T\u00e9l\u00e9chargement du logiciel"},"content":{"rendered":"<p><div class=\"fusion-fullwidth fullwidth-box fusion-builder-row-1 fusion-flex-container nonhundred-percent-fullwidth non-hundred-percent-height-scrolling\" style=\"--awb-border-radius-top-left:0px;--awb-border-radius-top-right:0px;--awb-border-radius-bottom-right:0px;--awb-border-radius-bottom-left:0px;--awb-margin-bottom:60px;--awb-flex-wrap:wrap;\" ><div class=\"fusion-builder-row fusion-row fusion-flex-align-items-flex-start fusion-flex-content-wrap\" style=\"max-width:1123.2px;margin-left: calc(-4% \/ 2 );margin-right: calc(-4% \/ 2 );\"><div class=\"fusion-layout-column fusion_builder_column fusion-builder-column-0 fusion_builder_column_1_1 1_1 fusion-flex-column\" style=\"--awb-bg-size:cover;--awb-width-large:100%;--awb-margin-top-large:0px;--awb-spacing-right-large:1.92%;--awb-margin-bottom-large:20px;--awb-spacing-left-large:1.92%;--awb-width-medium:100%;--awb-order-medium:0;--awb-spacing-right-medium:1.92%;--awb-spacing-left-medium:1.92%;--awb-width-small:100%;--awb-order-small:0;--awb-spacing-right-small:1.92%;--awb-spacing-left-small:1.92%;\"><div class=\"fusion-column-wrapper fusion-column-has-shadow fusion-flex-justify-content-flex-start fusion-content-layout-column\"><div class=\"fusion-text fusion-text-1\" style=\"--awb-text-transform:none;\"><table style=\"border-collapse: collapse; width: 99.913%; height: 198px;\" border=\"1\">\n<tbody>\n<tr style=\"height: 99px;\">\n<td style=\"width: 100%; background-color: #007afc; text-align: center; height: 99px;\" colspan=\"5\"><span style=\"color: #ffffff;\"><strong>S\u00e9rie de coupleurs PLC &amp; IO<\/strong><\/span><\/td>\n<\/tr>\n<tr style=\"height: 99px;\">\n<td style=\"width: 20%; text-align: center; height: 99px;\">GCAN-PLC-400\/510\/511<\/td>\n<td style=\"width: 80%; text-align: center; height: 99px;\"><span style=\"text-decoration: underline;\"><span style=\"color: #0000ff;\"><a style=\"color: #0000ff; text-decoration: underline;\" href=\"https:\/\/drive.google.com\/file\/d\/1HunO0dGBBIV6JlD2E1VWxlPb-AU1qYmi\/view?usp=sharing\">Redirection vers Google Drive<\/a><\/span><\/span><\/td>\n<\/tr>\n<\/tbody>\n<\/table>\n<\/div><div class=\"fusion-text fusion-text-2\" style=\"--awb-text-transform:none;\"><table style=\"border-collapse: collapse; width: 99.913%; height: 226px;\" border=\"1\">\n<tbody>\n<tr style=\"height: 99px;\">\n<td style=\"width: 100%; background-color: #007afc; text-align: center; height: 99px;\" colspan=\"5\"><span style=\"color: #ffffff;\"><strong>USBCAN (analyseurs CAN)<\/strong><strong style=\"font-family: inherit; font-size: inherit;\">\u00a0<\/strong><strong><br \/>\n<\/strong><\/span><\/td>\n<\/tr>\n<tr style=\"height: 99px;\">\n<td style=\"width: 20%; text-align: center; height: 63px;\">USBCAN<\/td>\n<td style=\"width: 80%; text-align: center; height: 63px;\"><span style=\"text-decoration: underline;\"><span style=\"color: #0000ff;\">Redirection vers Google Drive<\/span><\/span><\/td>\n<td style=\"height: 63px;\"><\/td>\n<td style=\"height: 63px;\"><\/td>\n<td style=\"height: 63px;\"><\/td>\n<\/tr>\n<tr style=\"height: 64px;\">\n<td style=\"width: 20%; text-align: center; height: 64px;\">CANet Config<\/td>\n<td style=\"width: 80%; text-align: center; height: 64px;\"><a href=\"https:\/\/drive.google.com\/drive\/folders\/1S-s4K6XEEVrKJeV5JpKUNz_-e82scNum?usp=sharing\"><span style=\"text-decoration: underline;\"><span style=\"color: #0000ff;\">Redirection vers Google Drive<\/span><\/span><\/a><\/td>\n<td style=\"height: 64px;\"><\/td>\n<td style=\"height: 64px;\"><\/td>\n<td style=\"height: 64px;\"><\/td>\n<\/tr>\n<tr>\n<td style=\"width: 20%; text-align: center;\">Outils ECAN<\/td>\n<td style=\"width: 80%; text-align: center;\"><a href=\"https:\/\/drive.google.com\/file\/d\/1Gdzgm6HW_yhnvSipItf8K8oCHAQx2Gex\/view?usp=share_link\"><span style=\"text-decoration: underline;\"><span style=\"color: #0000ff;\">Redirection vers Google Drive<\/span><\/span><\/a><\/td>\n<td><\/td>\n<td><\/td>\n<td><\/td>\n<\/tr>\n<\/tbody>\n<\/table>\n<\/div><div class=\"fusion-text fusion-text-3\" style=\"--awb-text-transform:none;\"><table style=\"border-collapse: collapse; width: 99.913%; height: 198px;\" border=\"1\">\n<tbody>\n<tr style=\"height: 99px;\">\n<td style=\"width: 100%; background-color: #007afc; text-align: center; height: 99px;\" colspan=\"5\"><span style=\"color: #ffffff;\"><strong>Logiciel OpenPCS<\/strong><strong><br \/>\n<\/strong><\/span><\/td>\n<\/tr>\n<tr style=\"height: 99px;\">\n<td style=\"width: 20%; text-align: center; height: 99px;\">OpenPCS<\/td>\n<td style=\"width: 80%; text-align: center; height: 99px;\"><span style=\"text-decoration: underline;\"><span style=\"color: #0000ff;\"><a style=\"color: #0000ff; text-decoration: underline;\" href=\"https:\/\/drive.google.com\/file\/d\/1HunO0dGBBIV6JlD2E1VWxlPb-AU1qYmi\/view?usp=share_link\">Redirection vers Google Drive<\/a><\/span><\/span><\/td>\n<\/tr>\n<\/tbody>\n<\/table>\n<\/div><div class=\"fusion-text fusion-text-4\" style=\"--awb-text-transform:none;\"><table style=\"border-collapse: collapse; width: 99.913%; height: 198px;\" border=\"1\">\n<tbody>\n<tr style=\"height: 99px;\">\n<td style=\"width: 100.871%; background-color: #007afc; text-align: center; height: 99px;\" colspan=\"5\"><span style=\"color: #ffffff;\"><strong>Pilote de port s\u00e9rie USB<\/strong><strong><br \/>\n<\/strong><\/span><\/td>\n<\/tr>\n<tr style=\"height: 99px;\">\n<td style=\"width: 30%; text-align: center; height: 99px;\">S\u00e9rie CH Driver<\/td>\n<td style=\"width: 35%; text-align: center; height: 99px;\"><a href=\"https:\/\/drive.google.com\/drive\/folders\/1UvG14lVlIl1klmuSy1EoOoJbszOQGEqz?usp=share_link\"><span style=\"text-decoration: underline;\"><span style=\"color: #0000ff;\">Pilote CH340<\/span><\/span><\/a><\/td>\n<td style=\"width: 35%; text-align: center; height: 99px;\"><a href=\"https:\/\/drive.google.com\/drive\/folders\/1nsQXzQBgjuS3U0qoEPit7hQn-v0n1h3_?usp=share_link\"><span style=\"text-decoration: underline;\"><span style=\"color: #0000ff;\">Pilote CP2102<\/span><\/span><\/a><\/td>\n<\/tr>\n<\/tbody>\n<\/table>\n<\/div><div class=\"fusion-text fusion-text-5\" style=\"--awb-text-transform:none;\"><table style=\"border-collapse: collapse; width: 99.913%; height: 198px;\" border=\"1\">\n<tbody>\n<tr style=\"height: 99px;\">\n<td style=\"width: 100.871%; background-color: #007afc; text-align: center; height: 99px;\" colspan=\"5\"><span style=\"color: #ffffff;\"><strong>ST Routine<\/strong><strong><br \/>\n<\/strong><\/span><\/td>\n<\/tr>\n<tr style=\"height: 99px;\">\n<td style=\"width: 100%; text-align: center; height: 99px;\"><a href=\"http:\/\/gcanbus.com\/fr\/contact-us\/\">Pour les clients GCAN PLC uniquement<\/a><\/td>\n<\/tr>\n<\/tbody>\n<\/table>\n<\/div><\/div><\/div><\/div><\/div><div class=\"fusion-fullwidth fullwidth-box fusion-builder-row-2 fusion-flex-container nonhundred-percent-fullwidth non-hundred-percent-height-scrolling\" style=\"--awb-border-radius-top-left:0px;--awb-border-radius-top-right:0px;--awb-border-radius-bottom-right:0px;--awb-border-radius-bottom-left:0px;--awb-padding-top:60px;--awb-padding-bottom:60px;--awb-margin-bottom:-60px;--awb-background-color:#0071db;--awb-flex-wrap:wrap;\" ><div class=\"fusion-builder-row fusion-row fusion-flex-align-items-center fusion-flex-justify-content-center fusion-flex-content-wrap\" style=\"max-width:1123.2px;margin-left: calc(-4% \/ 2 );margin-right: calc(-4% \/ 2 );\"><div class=\"fusion-layout-column fusion_builder_column fusion-builder-column-1 fusion_builder_column_2_3 2_3 fusion-flex-column fusion-animated\" style=\"--awb-padding-right:134px;--awb-padding-top-medium:39px;--awb-padding-right-medium:0px;--awb-padding-bottom-medium:27px;--awb-bg-size:cover;--awb-width-large:66.666666666667%;--awb-margin-top-large:0px;--awb-spacing-right-large:2.88%;--awb-margin-bottom-large:0px;--awb-spacing-left-large:3.312%;--awb-width-medium:80%;--awb-order-medium:0;--awb-spacing-right-medium:2.4%;--awb-spacing-left-medium:2.76%;--awb-width-small:100%;--awb-order-small:0;--awb-spacing-right-small:1.92%;--awb-spacing-left-small:1.92%;\" data-animationtype=\"fadeInUp\" data-animationduration=\"1.0\" data-animationoffset=\"top-into-view\"><div class=\"fusion-column-wrapper fusion-column-has-shadow fusion-flex-justify-content-flex-start fusion-content-layout-column\"><div class=\"fusion-image-element md-text-align-center sm-text-align-center\" style=\"--awb-margin-bottom:30px;--awb-max-width:250px;--awb-caption-title-font-family:var(--h2_typography-font-family);--awb-caption-title-font-weight:var(--h2_typography-font-weight);--awb-caption-title-font-style:var(--h2_typography-font-style);--awb-caption-title-size:var(--h2_typography-font-size);--awb-caption-title-transform:var(--h2_typography-text-transform);--awb-caption-title-line-height:var(--h2_typography-line-height);--awb-caption-title-letter-spacing:var(--h2_typography-letter-spacing);\"><span class=\"fusion-imageframe imageframe-none imageframe-1 hover-type-none\"><img decoding=\"async\" width=\"1661\" height=\"388\" title=\"logo7\" src=\"https:\/\/gcanbus.com\/wp-content\/uploads\/2021\/12\/logo7.png\" data-orig-src=\"http:\/\/gcanbus.com\/wp-content\/uploads\/2021\/12\/logo7.png\" alt class=\"lazyload img-responsive wp-image-2769\" srcset=\"data:image\/svg+xml,%3Csvg%20xmlns%3D%27http%3A%2F%2Fwww.w3.org%2F2000%2Fsvg%27%20width%3D%271661%27%20height%3D%27388%27%20viewBox%3D%270%200%201661%20388%27%3E%3Crect%20width%3D%271661%27%20height%3D%27388%27%20fill-opacity%3D%220%22%2F%3E%3C%2Fsvg%3E\" data-srcset=\"https:\/\/gcanbus.com\/wp-content\/uploads\/2021\/12\/logo7-200x47.png 200w, https:\/\/gcanbus.com\/wp-content\/uploads\/2021\/12\/logo7-400x93.png 400w, https:\/\/gcanbus.com\/wp-content\/uploads\/2021\/12\/logo7-600x140.png 600w, https:\/\/gcanbus.com\/wp-content\/uploads\/2021\/12\/logo7-800x187.png 800w, https:\/\/gcanbus.com\/wp-content\/uploads\/2021\/12\/logo7-1200x280.png 1200w, https:\/\/gcanbus.com\/wp-content\/uploads\/2021\/12\/logo7.png 1661w\" data-sizes=\"auto\" data-orig-sizes=\"(max-width: 640px) 100vw, 600px\" \/><\/span><\/div><div class=\"fusion-title title fusion-title-1 fusion-sep-none fusion-title-text fusion-title-size-two\" style=\"--awb-text-color:#ffffff;--awb-margin-bottom:20px;--awb-font-size:40px;\"><h2 class=\"fusion-title-heading title-heading-left md-text-align-center sm-text-align-center fusion-responsive-typography-calculated\" style=\"font-family:&quot;Poppins&quot;;font-style:normal;font-weight:800;margin:0;font-size:1em;--fontSize:40;line-height:1.2;\">Nous vous attendons pour vous aider<\/h2><\/div><div class=\"fusion-text fusion-text-6 md-text-align-center sm-text-align-center\" style=\"--awb-text-transform:none;--awb-text-color:#ffffff;--awb-text-font-family:&quot;Poppins&quot;;--awb-text-font-style:normal;--awb-text-font-weight:600;\"><p>Prenez contact avec nous d\u00e8s aujourd'hui et commen\u00e7ons \u00e0 transformer votre entreprise.<\/p>\n<\/div><\/div><\/div><div class=\"fusion-layout-column fusion_builder_column fusion-builder-column-2 fusion_builder_column_1_3 1_3 fusion-flex-column fusion-animated\" style=\"--awb-bg-size:cover;--awb-width-large:33.333333333333%;--awb-margin-top-large:0px;--awb-spacing-right-large:5.76%;--awb-margin-bottom-large:0px;--awb-spacing-left-large:5.76%;--awb-width-medium:100%;--awb-order-medium:0;--awb-spacing-right-medium:1.92%;--awb-spacing-left-medium:1.92%;--awb-width-small:100%;--awb-order-small:0;--awb-spacing-right-small:1.92%;--awb-spacing-left-small:1.92%;\" data-animationtype=\"fadeInUp\" data-animationduration=\"1.0\" data-animationoffset=\"top-into-view\"><div class=\"fusion-column-wrapper fusion-column-has-shadow fusion-flex-justify-content-flex-start fusion-content-layout-column\"><div class=\"md-text-align-center sm-text-align-center\" style=\"text-align:right;\"><a class=\"fusion-button button-flat fusion-button-default-size button-custom fusion-button-default button-1 fusion-button-default-span fusion-button-default-type\" style=\"--button_accent_color:#007afc;--button_border_color:#007afc;--button_accent_hover_color:var(--awb-color1);--button_border_hover_color:var(--awb-color1);--button_gradient_top_color:#ffffff;--button_gradient_bottom_color:#ffffff;--button_gradient_top_color_hover:#0071db;--button_gradient_bottom_color_hover:#0071db;\" target=\"_self\" href=\"\/fr\/contact-us\/\"><span class=\"fusion-button-text\">R\u00e9server une consultation<\/span><\/a><\/div><\/div><\/div><\/div><\/div><\/p>","protected":false},"excerpt":{"rendered":"","protected":false},"author":1,"featured_media":0,"parent":0,"menu_order":0,"comment_status":"closed","ping_status":"closed","template":"100-width.php","meta":{"_joinchat":[],"footnotes":""},"class_list":["post-2734","page","type-page","status-publish","hentry"],"_links":{"self":[{"href":"https:\/\/gcanbus.com\/fr\/wp-json\/wp\/v2\/pages\/2734","targetHints":{"allow":["GET"]}}],"collection":[{"href":"https:\/\/gcanbus.com\/fr\/wp-json\/wp\/v2\/pages"}],"about":[{"href":"https:\/\/gcanbus.com\/fr\/wp-json\/wp\/v2\/types\/page"}],"author":[{"embeddable":true,"href":"https:\/\/gcanbus.com\/fr\/wp-json\/wp\/v2\/users\/1"}],"replies":[{"embeddable":true,"href":"https:\/\/gcanbus.com\/fr\/wp-json\/wp\/v2\/comments?post=2734"}],"version-history":[{"count":0,"href":"https:\/\/gcanbus.com\/fr\/wp-json\/wp\/v2\/pages\/2734\/revisions"}],"wp:attachment":[{"href":"https:\/\/gcanbus.com\/fr\/wp-json\/wp\/v2\/media?parent=2734"}],"curies":[{"name":"wp","href":"https:\/\/api.w.org\/{rel}","templated":true}]}}