{"id":1935,"date":"2021-12-16T07:50:37","date_gmt":"2021-12-16T07:50:37","guid":{"rendered":"http:\/\/gcanbus.com\/?page_id=1935"},"modified":"2022-09-06T16:46:46","modified_gmt":"2022-09-06T08:46:46","slug":"youtube-show","status":"publish","type":"page","link":"https:\/\/gcanbus.com\/fr\/youtube-show\/","title":{"rendered":"Spectacle sur YouTube"},"content":{"rendered":"<p><div class=\"fusion-fullwidth fullwidth-box fusion-builder-row-1 fusion-flex-container nonhundred-percent-fullwidth non-hundred-percent-height-scrolling\" style=\"--awb-border-radius-top-left:0px;--awb-border-radius-top-right:0px;--awb-border-radius-bottom-right:0px;--awb-border-radius-bottom-left:0px;--awb-flex-wrap:wrap;\" ><div class=\"fusion-builder-row fusion-row fusion-flex-align-items-flex-start fusion-flex-content-wrap\" style=\"max-width:1123.2px;margin-left: calc(-4% \/ 2 );margin-right: calc(-4% \/ 2 );\"><div class=\"fusion-layout-column fusion_builder_column fusion-builder-column-0 fusion_builder_column_1_1 1_1 fusion-flex-column\" style=\"--awb-bg-size:cover;--awb-width-large:100%;--awb-margin-top-large:0px;--awb-spacing-right-large:1.92%;--awb-margin-bottom-large:20px;--awb-spacing-left-large:1.92%;--awb-width-medium:100%;--awb-order-medium:0;--awb-spacing-right-medium:1.92%;--awb-spacing-left-medium:1.92%;--awb-width-small:100%;--awb-order-small:0;--awb-spacing-right-small:1.92%;--awb-spacing-left-small:1.92%;\"><div class=\"fusion-column-wrapper fusion-column-has-shadow fusion-flex-justify-content-flex-start fusion-content-layout-column\"><div class=\"fusion-blog-shortcode fusion-blog-shortcode-1 fusion-blog-archive fusion-blog-layout-large fusion-blog-pagination\"><div class=\"fusion-posts-container fusion-posts-container-pagination fusion-no-meta-info\" data-pages=\"2\"><article id=\"blog-1-post-2663\" class=\"fusion-post-large post-2663 post type-post status-publish format-standard has-post-thumbnail hentry category-youtube tag-usbcan-ii-pro\">\n\t<style type=\"text\/css\">\n\t\t\n\t\t\n\t\t\n\t\t\n\t\t\t<\/style>\n\n\n\t\t\t<div class=\"fusion-flexslider flexslider fusion-flexslider-loading fusion-post-slideshow\" style=\"\">\n\t\t<ul class=\"slides\">\n\t\t\t\n\t\t\t\t\t\t\t\t\t\t\t\t\t\t<li><div  class=\"fusion-image-wrapper\" aria-haspopup=\"true\">\n\t\t\t\t\t\t\t<a href=\"https:\/\/gcanbus.com\/fr\/usbcan-ii-pro-two-channels-can-analyzer-10\/\" aria-label=\"USBCAN-II Pro| Analyseur CAN \u00e0 deux voies\">\n\t\t\t\t\t\t\t<img decoding=\"async\" width=\"8000\" height=\"745\" src=\"data:image\/svg+xml,%3Csvg%20xmlns%3D%27http%3A%2F%2Fwww.w3.org%2F2000%2Fsvg%27%20width%3D%278000%27%20height%3D%27745%27%20viewBox%3D%270%200%208000%20745%27%3E%3Crect%20width%3D%278000%27%20height%3D%27745%27%20fill-opacity%3D%220%22%2F%3E%3C%2Fsvg%3E\" class=\"attachment-full size-full lazyload wp-post-image\" alt=\"\" data-orig-src=\"https:\/\/gcanbus.com\/wp-content\/uploads\/2021\/12\/youtube1-scaled.jpg\" \/>\t\t\t<\/a>\n\t\t\t\t\t\t\t<\/div>\n<\/li>\n\t\t\t\n\t\t\t\n\t\t\t\t\t\t\t\t\t\t\t\t\t\t\t\t\t\t\t\t\t\t\t\t\t\t\t\t\t\t\t\t\t\t\t\t\t\t\t\t\t\t\t\t\t\t\t\t\t\t\t\t\t\t\t\t\t\t\t\t\t\t\t\t\t\t\t\t<\/ul>\n\t<\/div>\n\t<div class=\"fusion-post-content post-content\"><h2 class=\"blog-shortcode-post-title entry-title\"><a href=\"https:\/\/gcanbus.com\/fr\/usbcan-ii-pro-two-channels-can-analyzer-10\/\">USBCAN-II Pro| Analyseur CAN \u00e0 deux voies<\/a><\/h2><div class=\"fusion-post-content-container\"><p>  La fonction relais de l'adaptateur USBCAN-II PRO permet de d\u00e9coder la communication ...<\/p><\/div><\/div><div class=\"fusion-clearfix\"><\/div><\/article>\n<article id=\"blog-1-post-2661\" class=\"fusion-post-large post-2661 post type-post status-publish format-standard has-post-thumbnail hentry category-youtube\">\n\t<style type=\"text\/css\">\n\t\t\n\t\t\n\t\t\n\t\t\n\t\t\t<\/style>\n\n\n\t\t\t<div class=\"fusion-flexslider flexslider fusion-flexslider-loading fusion-post-slideshow\" style=\"\">\n\t\t<ul class=\"slides\">\n\t\t\t\n\t\t\t\t\t\t\t\t\t\t\t\t\t\t<li><div  class=\"fusion-image-wrapper\" aria-haspopup=\"true\">\n\t\t\t\t\t\t\t<a href=\"https:\/\/gcanbus.com\/fr\/usbcan-ii-pro-two-channels-can-analyzer-9\/\" aria-label=\"USBCAN-II Pro| Analyseur CAN \u00e0 deux voies\">\n\t\t\t\t\t\t\t<img decoding=\"async\" width=\"8000\" height=\"745\" src=\"data:image\/svg+xml,%3Csvg%20xmlns%3D%27http%3A%2F%2Fwww.w3.org%2F2000%2Fsvg%27%20width%3D%278000%27%20height%3D%27745%27%20viewBox%3D%270%200%208000%20745%27%3E%3Crect%20width%3D%278000%27%20height%3D%27745%27%20fill-opacity%3D%220%22%2F%3E%3C%2Fsvg%3E\" class=\"attachment-full size-full lazyload wp-post-image\" alt=\"\" data-orig-src=\"https:\/\/gcanbus.com\/wp-content\/uploads\/2021\/12\/youtube1-scaled.jpg\" \/>\t\t\t<\/a>\n\t\t\t\t\t\t\t<\/div>\n<\/li>\n\t\t\t\n\t\t\t\n\t\t\t\t\t\t\t\t\t\t\t\t\t\t\t\t\t\t\t\t\t\t\t\t\t\t\t\t\t\t\t\t\t\t\t\t\t\t\t\t\t\t\t\t\t\t\t\t\t\t\t\t\t\t\t\t\t\t\t\t\t\t\t\t\t\t\t\t<\/ul>\n\t<\/div>\n\t<div class=\"fusion-post-content post-content\"><h2 class=\"blog-shortcode-post-title entry-title\"><a href=\"https:\/\/gcanbus.com\/fr\/usbcan-ii-pro-two-channels-can-analyzer-9\/\">USBCAN-II Pro| Analyseur CAN \u00e0 deux voies<\/a><\/h2><div class=\"fusion-post-content-container\"><p>  Les six fonctions de l'USBCAN-II Pro et la connexion ...<\/p><\/div><\/div><div class=\"fusion-clearfix\"><\/div><\/article>\n<article id=\"blog-1-post-2659\" class=\"fusion-post-large post-2659 post type-post status-publish format-standard has-post-thumbnail hentry category-youtube\">\n\t<style type=\"text\/css\">\n\t\t\n\t\t\n\t\t\n\t\t\n\t\t\t<\/style>\n\n\n\t\t\t<div class=\"fusion-flexslider flexslider fusion-flexslider-loading fusion-post-slideshow\" style=\"\">\n\t\t<ul class=\"slides\">\n\t\t\t\n\t\t\t\t\t\t\t\t\t\t\t\t\t\t<li><div  class=\"fusion-image-wrapper\" aria-haspopup=\"true\">\n\t\t\t\t\t\t\t<a href=\"https:\/\/gcanbus.com\/fr\/gcan-204-modbus-rtu-can-converter\/\" aria-label=\"GCAN-204| Convertisseur Modbus\/RTU-CAN\">\n\t\t\t\t\t\t\t<img decoding=\"async\" width=\"8000\" height=\"745\" src=\"data:image\/svg+xml,%3Csvg%20xmlns%3D%27http%3A%2F%2Fwww.w3.org%2F2000%2Fsvg%27%20width%3D%278000%27%20height%3D%27745%27%20viewBox%3D%270%200%208000%20745%27%3E%3Crect%20width%3D%278000%27%20height%3D%27745%27%20fill-opacity%3D%220%22%2F%3E%3C%2Fsvg%3E\" class=\"attachment-full size-full lazyload wp-post-image\" alt=\"\" data-orig-src=\"https:\/\/gcanbus.com\/wp-content\/uploads\/2021\/12\/youtube1-scaled.jpg\" \/>\t\t\t<\/a>\n\t\t\t\t\t\t\t<\/div>\n<\/li>\n\t\t\t\n\t\t\t\n\t\t\t\t\t\t\t\t\t\t\t\t\t\t\t\t\t\t\t\t\t\t\t\t\t\t\t\t\t\t\t\t\t\t\t\t\t\t\t\t\t\t\t\t\t\t\t\t\t\t\t\t\t\t\t\t\t\t\t\t\t\t\t\t\t\t\t\t<\/ul>\n\t<\/div>\n\t<div class=\"fusion-post-content post-content\"><h2 class=\"blog-shortcode-post-title entry-title\"><a href=\"https:\/\/gcanbus.com\/fr\/gcan-204-modbus-rtu-can-converter\/\">GCAN-204| Convertisseur Modbus\/RTU-CAN<\/a><\/h2><div class=\"fusion-post-content-container\"><p>  Param\u00e8tres de configuration et application logicielle du GCAN-204 ...<\/p><\/div><\/div><div class=\"fusion-clearfix\"><\/div><\/article>\n<article id=\"blog-1-post-2657\" class=\"fusion-post-large post-2657 post type-post status-publish format-standard has-post-thumbnail hentry category-youtube\">\n\t<style type=\"text\/css\">\n\t\t\n\t\t\n\t\t\n\t\t\n\t\t\t<\/style>\n\n\n\t\t\t<div class=\"fusion-flexslider flexslider fusion-flexslider-loading fusion-post-slideshow\" style=\"\">\n\t\t<ul class=\"slides\">\n\t\t\t\n\t\t\t\t\t\t\t\t\t\t\t\t\t\t<li><div  class=\"fusion-image-wrapper\" aria-haspopup=\"true\">\n\t\t\t\t\t\t\t<a href=\"https:\/\/gcanbus.com\/fr\/usbcan-ii-pro-two-channels-can-analyzer-8\/\" aria-label=\"USBCAN-II Pro| Analyseur CAN \u00e0 deux voies\">\n\t\t\t\t\t\t\t<img decoding=\"async\" width=\"8000\" height=\"745\" src=\"data:image\/svg+xml,%3Csvg%20xmlns%3D%27http%3A%2F%2Fwww.w3.org%2F2000%2Fsvg%27%20width%3D%278000%27%20height%3D%27745%27%20viewBox%3D%270%200%208000%20745%27%3E%3Crect%20width%3D%278000%27%20height%3D%27745%27%20fill-opacity%3D%220%22%2F%3E%3C%2Fsvg%3E\" class=\"attachment-full size-full lazyload wp-post-image\" alt=\"\" data-orig-src=\"https:\/\/gcanbus.com\/wp-content\/uploads\/2021\/12\/youtube1-scaled.jpg\" \/>\t\t\t<\/a>\n\t\t\t\t\t\t\t<\/div>\n<\/li>\n\t\t\t\n\t\t\t\n\t\t\t\t\t\t\t\t\t\t\t\t\t\t\t\t\t\t\t\t\t\t\t\t\t\t\t\t\t\t\t\t\t\t\t\t\t\t\t\t\t\t\t\t\t\t\t\t\t\t\t\t\t\t\t\t\t\t\t\t\t\t\t\t\t\t\t\t<\/ul>\n\t<\/div>\n\t<div class=\"fusion-post-content post-content\"><h2 class=\"blog-shortcode-post-title entry-title\"><a href=\"https:\/\/gcanbus.com\/fr\/usbcan-ii-pro-two-channels-can-analyzer-8\/\">USBCAN-II Pro| Analyseur CAN \u00e0 deux voies<\/a><\/h2><div class=\"fusion-post-content-container\"><p>  Mode statistique de l'USBCAN-II PRO en application de ...<\/p><\/div><\/div><div class=\"fusion-clearfix\"><\/div><\/article>\n<article id=\"blog-1-post-2655\" class=\"fusion-post-large post-2655 post type-post status-publish format-standard has-post-thumbnail hentry category-youtube\">\n\t<style type=\"text\/css\">\n\t\t\n\t\t\n\t\t\n\t\t\n\t\t\t<\/style>\n\n\n\t\t\t<div class=\"fusion-flexslider flexslider fusion-flexslider-loading fusion-post-slideshow\" style=\"\">\n\t\t<ul class=\"slides\">\n\t\t\t\n\t\t\t\t\t\t\t\t\t\t\t\t\t\t<li><div  class=\"fusion-image-wrapper\" aria-haspopup=\"true\">\n\t\t\t\t\t\t\t<a href=\"https:\/\/gcanbus.com\/fr\/usbcan-ii-pro-two-channels-can-analyzer-7\/\" aria-label=\"USBCAN-II Pro| Analyseur CAN \u00e0 deux voies\">\n\t\t\t\t\t\t\t<img decoding=\"async\" width=\"8000\" height=\"745\" src=\"data:image\/svg+xml,%3Csvg%20xmlns%3D%27http%3A%2F%2Fwww.w3.org%2F2000%2Fsvg%27%20width%3D%278000%27%20height%3D%27745%27%20viewBox%3D%270%200%208000%20745%27%3E%3Crect%20width%3D%278000%27%20height%3D%27745%27%20fill-opacity%3D%220%22%2F%3E%3C%2Fsvg%3E\" class=\"attachment-full size-full lazyload wp-post-image\" alt=\"\" data-orig-src=\"https:\/\/gcanbus.com\/wp-content\/uploads\/2021\/12\/youtube1-scaled.jpg\" \/>\t\t\t<\/a>\n\t\t\t\t\t\t\t<\/div>\n<\/li>\n\t\t\t\n\t\t\t\n\t\t\t\t\t\t\t\t\t\t\t\t\t\t\t\t\t\t\t\t\t\t\t\t\t\t\t\t\t\t\t\t\t\t\t\t\t\t\t\t\t\t\t\t\t\t\t\t\t\t\t\t\t\t\t\t\t\t\t\t\t\t\t\t\t\t\t\t<\/ul>\n\t<\/div>\n\t<div class=\"fusion-post-content post-content\"><h2 class=\"blog-shortcode-post-title entry-title\"><a href=\"https:\/\/gcanbus.com\/fr\/usbcan-ii-pro-two-channels-can-analyzer-7\/\">USBCAN-II Pro| Analyseur CAN \u00e0 deux voies<\/a><\/h2><div class=\"fusion-post-content-container\"><p>  Adaptateur USBCAN-II Pro pour recevoir des donn\u00e9es CAN, tester ...<\/p><\/div><\/div><div class=\"fusion-clearfix\"><\/div><\/article>\n<article id=\"blog-1-post-2653\" class=\"fusion-post-large post-2653 post type-post status-publish format-standard has-post-thumbnail hentry category-youtube\">\n\t<style type=\"text\/css\">\n\t\t\n\t\t\n\t\t\n\t\t\n\t\t\t<\/style>\n\n\n\t\t\t<div class=\"fusion-flexslider flexslider fusion-flexslider-loading fusion-post-slideshow\" style=\"\">\n\t\t<ul class=\"slides\">\n\t\t\t\n\t\t\t\t\t\t\t\t\t\t\t\t\t\t<li><div  class=\"fusion-image-wrapper\" aria-haspopup=\"true\">\n\t\t\t\t\t\t\t<a href=\"https:\/\/gcanbus.com\/fr\/gcan-305-embedded-canopen-to-uart-module\/\" aria-label=\"GCAN-305| Module CANopen embarqu\u00e9 vers UART\">\n\t\t\t\t\t\t\t<img decoding=\"async\" width=\"8000\" height=\"745\" src=\"data:image\/svg+xml,%3Csvg%20xmlns%3D%27http%3A%2F%2Fwww.w3.org%2F2000%2Fsvg%27%20width%3D%278000%27%20height%3D%27745%27%20viewBox%3D%270%200%208000%20745%27%3E%3Crect%20width%3D%278000%27%20height%3D%27745%27%20fill-opacity%3D%220%22%2F%3E%3C%2Fsvg%3E\" class=\"attachment-full size-full lazyload wp-post-image\" alt=\"\" data-orig-src=\"https:\/\/gcanbus.com\/wp-content\/uploads\/2021\/12\/youtube1-scaled.jpg\" \/>\t\t\t<\/a>\n\t\t\t\t\t\t\t<\/div>\n<\/li>\n\t\t\t\n\t\t\t\n\t\t\t\t\t\t\t\t\t\t\t\t\t\t\t\t\t\t\t\t\t\t\t\t\t\t\t\t\t\t\t\t\t\t\t\t\t\t\t\t\t\t\t\t\t\t\t\t\t\t\t\t\t\t\t\t\t\t\t\t\t\t\t\t\t\t\t\t<\/ul>\n\t<\/div>\n\t<div class=\"fusion-post-content post-content\"><h2 class=\"blog-shortcode-post-title entry-title\"><a href=\"https:\/\/gcanbus.com\/fr\/gcan-305-embedded-canopen-to-uart-module\/\">GCAN-305| Module CANopen embarqu\u00e9 vers UART<\/a><\/h2><div class=\"fusion-post-content-container\"><p>  Comment d\u00e9marrer un \u00e9quipement de station esclave CANopen par ...<\/p><\/div><\/div><div class=\"fusion-clearfix\"><\/div><\/article>\n<article id=\"blog-1-post-2651\" class=\"fusion-post-large post-2651 post type-post status-publish format-standard has-post-thumbnail hentry category-youtube\">\n\t<style type=\"text\/css\">\n\t\t\n\t\t\n\t\t\n\t\t\n\t\t\t<\/style>\n\n\n\t\t\t<div class=\"fusion-flexslider flexslider fusion-flexslider-loading fusion-post-slideshow\" style=\"\">\n\t\t<ul class=\"slides\">\n\t\t\t\n\t\t\t\t\t\t\t\t\t\t\t\t\t\t<li><div  class=\"fusion-image-wrapper\" aria-haspopup=\"true\">\n\t\t\t\t\t\t\t<a href=\"https:\/\/gcanbus.com\/fr\/usbcan-ii-pro-two-channels-can-analyzer-6\/\" aria-label=\"USBCAN-II Pro| Analyseur CAN \u00e0 deux voies\">\n\t\t\t\t\t\t\t<img decoding=\"async\" width=\"8000\" height=\"745\" src=\"data:image\/svg+xml,%3Csvg%20xmlns%3D%27http%3A%2F%2Fwww.w3.org%2F2000%2Fsvg%27%20width%3D%278000%27%20height%3D%27745%27%20viewBox%3D%270%200%208000%20745%27%3E%3Crect%20width%3D%278000%27%20height%3D%27745%27%20fill-opacity%3D%220%22%2F%3E%3C%2Fsvg%3E\" class=\"attachment-full size-full lazyload wp-post-image\" alt=\"\" data-orig-src=\"https:\/\/gcanbus.com\/wp-content\/uploads\/2021\/12\/youtube1-scaled.jpg\" \/>\t\t\t<\/a>\n\t\t\t\t\t\t\t<\/div>\n<\/li>\n\t\t\t\n\t\t\t\n\t\t\t\t\t\t\t\t\t\t\t\t\t\t\t\t\t\t\t\t\t\t\t\t\t\t\t\t\t\t\t\t\t\t\t\t\t\t\t\t\t\t\t\t\t\t\t\t\t\t\t\t\t\t\t\t\t\t\t\t\t\t\t\t\t\t\t\t<\/ul>\n\t<\/div>\n\t<div class=\"fusion-post-content post-content\"><h2 class=\"blog-shortcode-post-title entry-title\"><a href=\"https:\/\/gcanbus.com\/fr\/usbcan-ii-pro-two-channels-can-analyzer-6\/\">USBCAN-II Pro| Analyseur CAN \u00e0 deux voies<\/a><\/h2><div class=\"fusion-post-content-container\"><p>  La fonction miraculeuse de sauvegarde et de renvoi ...<\/p><\/div><\/div><div class=\"fusion-clearfix\"><\/div><\/article>\n<article id=\"blog-1-post-2649\" class=\"fusion-post-large post-2649 post type-post status-publish format-standard has-post-thumbnail hentry category-youtube\">\n\t<style type=\"text\/css\">\n\t\t\n\t\t\n\t\t\n\t\t\n\t\t\t<\/style>\n\n\n\t\t\t<div class=\"fusion-flexslider flexslider fusion-flexslider-loading fusion-post-slideshow\" style=\"\">\n\t\t<ul class=\"slides\">\n\t\t\t\n\t\t\t\t\t\t\t\t\t\t\t\t\t\t<li><div  class=\"fusion-image-wrapper\" aria-haspopup=\"true\">\n\t\t\t\t\t\t\t<a href=\"https:\/\/gcanbus.com\/fr\/usbcan-ii-pro-two-channels-can-analyzer-5\/\" aria-label=\"USBCAN-II Pro| Analyseur CAN \u00e0 deux voies\">\n\t\t\t\t\t\t\t<img decoding=\"async\" width=\"8000\" height=\"745\" src=\"data:image\/svg+xml,%3Csvg%20xmlns%3D%27http%3A%2F%2Fwww.w3.org%2F2000%2Fsvg%27%20width%3D%278000%27%20height%3D%27745%27%20viewBox%3D%270%200%208000%20745%27%3E%3Crect%20width%3D%278000%27%20height%3D%27745%27%20fill-opacity%3D%220%22%2F%3E%3C%2Fsvg%3E\" class=\"attachment-full size-full lazyload wp-post-image\" alt=\"\" data-orig-src=\"https:\/\/gcanbus.com\/wp-content\/uploads\/2021\/12\/youtube1-scaled.jpg\" \/>\t\t\t<\/a>\n\t\t\t\t\t\t\t<\/div>\n<\/li>\n\t\t\t\n\t\t\t\n\t\t\t\t\t\t\t\t\t\t\t\t\t\t\t\t\t\t\t\t\t\t\t\t\t\t\t\t\t\t\t\t\t\t\t\t\t\t\t\t\t\t\t\t\t\t\t\t\t\t\t\t\t\t\t\t\t\t\t\t\t\t\t\t\t\t\t\t<\/ul>\n\t<\/div>\n\t<div class=\"fusion-post-content post-content\"><h2 class=\"blog-shortcode-post-title entry-title\"><a href=\"https:\/\/gcanbus.com\/fr\/usbcan-ii-pro-two-channels-can-analyzer-5\/\">USBCAN-II Pro| Analyseur CAN \u00e0 deux voies<\/a><\/h2><div class=\"fusion-post-content-container\"><p>  Le probl\u00e8me de la communication avec le CAN standard ...<\/p><\/div><\/div><div class=\"fusion-clearfix\"><\/div><\/article>\n<article id=\"blog-1-post-2647\" class=\"fusion-post-large post-2647 post type-post status-publish format-standard has-post-thumbnail hentry category-youtube\">\n\t<style type=\"text\/css\">\n\t\t\n\t\t\n\t\t\n\t\t\n\t\t\t<\/style>\n\n\n\t\t\t<div class=\"fusion-flexslider flexslider fusion-flexslider-loading fusion-post-slideshow\" style=\"\">\n\t\t<ul class=\"slides\">\n\t\t\t\n\t\t\t\t\t\t\t\t\t\t\t\t\t\t<li><div  class=\"fusion-image-wrapper\" aria-haspopup=\"true\">\n\t\t\t\t\t\t\t<a href=\"https:\/\/gcanbus.com\/fr\/usbcan-ii-pro-two-channels-can-analyzer-4\/\" aria-label=\"USBCAN-II Pro| Analyseur CAN \u00e0 deux voies\">\n\t\t\t\t\t\t\t<img decoding=\"async\" width=\"8000\" height=\"745\" src=\"data:image\/svg+xml,%3Csvg%20xmlns%3D%27http%3A%2F%2Fwww.w3.org%2F2000%2Fsvg%27%20width%3D%278000%27%20height%3D%27745%27%20viewBox%3D%270%200%208000%20745%27%3E%3Crect%20width%3D%278000%27%20height%3D%27745%27%20fill-opacity%3D%220%22%2F%3E%3C%2Fsvg%3E\" class=\"attachment-full size-full lazyload wp-post-image\" alt=\"\" data-orig-src=\"https:\/\/gcanbus.com\/wp-content\/uploads\/2021\/12\/youtube1-scaled.jpg\" \/>\t\t\t<\/a>\n\t\t\t\t\t\t\t<\/div>\n<\/li>\n\t\t\t\n\t\t\t\n\t\t\t\t\t\t\t\t\t\t\t\t\t\t\t\t\t\t\t\t\t\t\t\t\t\t\t\t\t\t\t\t\t\t\t\t\t\t\t\t\t\t\t\t\t\t\t\t\t\t\t\t\t\t\t\t\t\t\t\t\t\t\t\t\t\t\t\t<\/ul>\n\t<\/div>\n\t<div class=\"fusion-post-content post-content\"><h2 class=\"blog-shortcode-post-title entry-title\"><a href=\"https:\/\/gcanbus.com\/fr\/usbcan-ii-pro-two-channels-can-analyzer-4\/\">USBCAN-II Pro| Analyseur CAN \u00e0 deux voies<\/a><\/h2><div class=\"fusion-post-content-container\"><p>  Comment utiliser ECANVCI.dll pour appeler USBCAN-II Pro ...<\/p><\/div><\/div><div class=\"fusion-clearfix\"><\/div><\/article>\n<article id=\"blog-1-post-2645\" class=\"fusion-post-large post-2645 post type-post status-publish format-standard has-post-thumbnail hentry category-youtube\">\n\t<style type=\"text\/css\">\n\t\t\n\t\t\n\t\t\n\t\t\n\t\t\t<\/style>\n\n\n\t\t\t<div class=\"fusion-flexslider flexslider fusion-flexslider-loading fusion-post-slideshow\" style=\"\">\n\t\t<ul class=\"slides\">\n\t\t\t\n\t\t\t\t\t\t\t\t\t\t\t\t\t\t<li><div  class=\"fusion-image-wrapper\" aria-haspopup=\"true\">\n\t\t\t\t\t\t\t<a href=\"https:\/\/gcanbus.com\/fr\/usbcan-ii-pro-two-channels-can-analyzer-3\/\" aria-label=\"USBCAN-II Pro| Analyseur CAN \u00e0 deux voies\">\n\t\t\t\t\t\t\t<img decoding=\"async\" width=\"8000\" height=\"745\" src=\"data:image\/svg+xml,%3Csvg%20xmlns%3D%27http%3A%2F%2Fwww.w3.org%2F2000%2Fsvg%27%20width%3D%278000%27%20height%3D%27745%27%20viewBox%3D%270%200%208000%20745%27%3E%3Crect%20width%3D%278000%27%20height%3D%27745%27%20fill-opacity%3D%220%22%2F%3E%3C%2Fsvg%3E\" class=\"attachment-full size-full lazyload wp-post-image\" alt=\"\" data-orig-src=\"https:\/\/gcanbus.com\/wp-content\/uploads\/2021\/12\/youtube1-scaled.jpg\" \/>\t\t\t<\/a>\n\t\t\t\t\t\t\t<\/div>\n<\/li>\n\t\t\t\n\t\t\t\n\t\t\t\t\t\t\t\t\t\t\t\t\t\t\t\t\t\t\t\t\t\t\t\t\t\t\t\t\t\t\t\t\t\t\t\t\t\t\t\t\t\t\t\t\t\t\t\t\t\t\t\t\t\t\t\t\t\t\t\t\t\t\t\t\t\t\t\t<\/ul>\n\t<\/div>\n\t<div class=\"fusion-post-content post-content\"><h2 class=\"blog-shortcode-post-title entry-title\"><a href=\"https:\/\/gcanbus.com\/fr\/usbcan-ii-pro-two-channels-can-analyzer-3\/\">USBCAN-II Pro| Analyseur CAN \u00e0 deux voies<\/a><\/h2><div class=\"fusion-post-content-container\"><p>  USBCAN-II Pro| Analyseur CAN \u00e0 deux canaux ...<\/p><\/div><\/div><div class=\"fusion-clearfix\"><\/div><\/article>\n<\/div><div class=\"pagination clearfix\"><span class=\"current\">1<\/span><a href=\"https:\/\/gcanbus.com\/fr\/wp-json\/wp\/v2\/pages\/1935\/page\/2\/\" class=\"inactive\">2<\/a><a class=\"pagination-next\" rel=\"next\" href=\"https:\/\/gcanbus.com\/fr\/wp-json\/wp\/v2\/pages\/1935\/page\/2\/\"><span class=\"page-text\">Suivant<\/span><span class=\"page-next\"><\/span><\/a><\/div><div class=\"fusion-clearfix\"><\/div><\/div><\/div><\/div><\/div><\/div><div class=\"fusion-fullwidth fullwidth-box fusion-builder-row-2 fusion-flex-container nonhundred-percent-fullwidth non-hundred-percent-height-scrolling\" style=\"--awb-border-radius-top-left:0px;--awb-border-radius-top-right:0px;--awb-border-radius-bottom-right:0px;--awb-border-radius-bottom-left:0px;--awb-padding-top:60px;--awb-padding-bottom:60px;--awb-background-color:#0071db;--awb-flex-wrap:wrap;\" ><div class=\"fusion-builder-row fusion-row fusion-flex-align-items-center fusion-flex-justify-content-center fusion-flex-content-wrap\" style=\"max-width:1123.2px;margin-left: calc(-4% \/ 2 );margin-right: calc(-4% \/ 2 );\"><div class=\"fusion-layout-column fusion_builder_column fusion-builder-column-1 fusion_builder_column_2_3 2_3 fusion-flex-column fusion-animated\" style=\"--awb-padding-right:134px;--awb-padding-top-medium:39px;--awb-padding-right-medium:0px;--awb-padding-bottom-medium:27px;--awb-bg-size:cover;--awb-width-large:66.666666666667%;--awb-margin-top-large:0px;--awb-spacing-right-large:2.88%;--awb-margin-bottom-large:0px;--awb-spacing-left-large:3.312%;--awb-width-medium:80%;--awb-order-medium:0;--awb-spacing-right-medium:2.4%;--awb-spacing-left-medium:2.76%;--awb-width-small:100%;--awb-order-small:0;--awb-spacing-right-small:1.92%;--awb-spacing-left-small:1.92%;\" data-animationtype=\"fadeInUp\" data-animationduration=\"1.0\" data-animationoffset=\"top-into-view\"><div class=\"fusion-column-wrapper fusion-column-has-shadow fusion-flex-justify-content-flex-start fusion-content-layout-column\"><div class=\"fusion-image-element md-text-align-center sm-text-align-center\" style=\"--awb-margin-bottom:30px;--awb-max-width:250px;--awb-caption-title-font-family:var(--h2_typography-font-family);--awb-caption-title-font-weight:var(--h2_typography-font-weight);--awb-caption-title-font-style:var(--h2_typography-font-style);--awb-caption-title-size:var(--h2_typography-font-size);--awb-caption-title-transform:var(--h2_typography-text-transform);--awb-caption-title-line-height:var(--h2_typography-line-height);--awb-caption-title-letter-spacing:var(--h2_typography-letter-spacing);\"><span class=\"fusion-imageframe imageframe-none imageframe-1 hover-type-none\"><img decoding=\"async\" width=\"1661\" height=\"388\" title=\"logo7\" src=\"https:\/\/gcanbus.com\/wp-content\/uploads\/2021\/12\/logo7.png\" data-orig-src=\"http:\/\/gcanbus.com\/wp-content\/uploads\/2021\/12\/logo7.png\" alt class=\"lazyload img-responsive wp-image-2769\" srcset=\"data:image\/svg+xml,%3Csvg%20xmlns%3D%27http%3A%2F%2Fwww.w3.org%2F2000%2Fsvg%27%20width%3D%271661%27%20height%3D%27388%27%20viewBox%3D%270%200%201661%20388%27%3E%3Crect%20width%3D%271661%27%20height%3D%27388%27%20fill-opacity%3D%220%22%2F%3E%3C%2Fsvg%3E\" data-srcset=\"https:\/\/gcanbus.com\/wp-content\/uploads\/2021\/12\/logo7-200x47.png 200w, https:\/\/gcanbus.com\/wp-content\/uploads\/2021\/12\/logo7-400x93.png 400w, https:\/\/gcanbus.com\/wp-content\/uploads\/2021\/12\/logo7-600x140.png 600w, https:\/\/gcanbus.com\/wp-content\/uploads\/2021\/12\/logo7-800x187.png 800w, https:\/\/gcanbus.com\/wp-content\/uploads\/2021\/12\/logo7-1200x280.png 1200w, https:\/\/gcanbus.com\/wp-content\/uploads\/2021\/12\/logo7.png 1661w\" data-sizes=\"auto\" data-orig-sizes=\"(max-width: 640px) 100vw, 600px\" \/><\/span><\/div><div class=\"fusion-title title fusion-title-1 fusion-sep-none fusion-title-text fusion-title-size-two\" style=\"--awb-text-color:#ffffff;--awb-margin-bottom:20px;--awb-font-size:40px;\"><h2 class=\"fusion-title-heading title-heading-left md-text-align-center sm-text-align-center fusion-responsive-typography-calculated\" style=\"font-family:&quot;Poppins&quot;;font-style:normal;font-weight:800;margin:0;font-size:1em;--fontSize:40;line-height:1.2;\">Nous vous attendons pour vous aider<\/h2><\/div><div class=\"fusion-text fusion-text-1 md-text-align-center sm-text-align-center\" style=\"--awb-text-transform:none;--awb-text-color:#ffffff;--awb-text-font-family:&quot;Poppins&quot;;--awb-text-font-style:normal;--awb-text-font-weight:600;\"><p>Prenez contact avec nous d\u00e8s aujourd'hui et commen\u00e7ons \u00e0 transformer votre entreprise.<\/p>\n<\/div><\/div><\/div><div class=\"fusion-layout-column fusion_builder_column fusion-builder-column-2 fusion_builder_column_1_3 1_3 fusion-flex-column fusion-animated\" style=\"--awb-bg-size:cover;--awb-width-large:33.333333333333%;--awb-margin-top-large:0px;--awb-spacing-right-large:5.76%;--awb-margin-bottom-large:0px;--awb-spacing-left-large:5.76%;--awb-width-medium:100%;--awb-order-medium:0;--awb-spacing-right-medium:1.92%;--awb-spacing-left-medium:1.92%;--awb-width-small:100%;--awb-order-small:0;--awb-spacing-right-small:1.92%;--awb-spacing-left-small:1.92%;\" data-animationtype=\"fadeInUp\" data-animationduration=\"1.0\" data-animationoffset=\"top-into-view\"><div class=\"fusion-column-wrapper fusion-column-has-shadow fusion-flex-justify-content-flex-start fusion-content-layout-column\"><div class=\"md-text-align-center sm-text-align-center\" style=\"text-align:right;\"><a class=\"fusion-button button-flat fusion-button-default-size button-custom fusion-button-default button-1 fusion-button-default-span fusion-button-default-type\" style=\"--button_accent_color:#007afc;--button_accent_hover_color:var(--awb-color1);--button_border_hover_color:var(--awb-color1);--button_gradient_top_color:#ffffff;--button_gradient_bottom_color:#ffffff;--button_gradient_top_color_hover:#0071db;--button_gradient_bottom_color_hover:#0071db;\" target=\"_self\" href=\"\/fr\/contact-us\/\"><span class=\"fusion-button-text\">R\u00e9server une consultation<\/span><\/a><\/div><\/div><\/div><\/div><\/div><\/p>","protected":false},"excerpt":{"rendered":"","protected":false},"author":1,"featured_media":0,"parent":0,"menu_order":0,"comment_status":"closed","ping_status":"closed","template":"100-width.php","meta":{"_joinchat":[],"footnotes":""},"class_list":["post-1935","page","type-page","status-publish","hentry"],"_links":{"self":[{"href":"https:\/\/gcanbus.com\/fr\/wp-json\/wp\/v2\/pages\/1935","targetHints":{"allow":["GET"]}}],"collection":[{"href":"https:\/\/gcanbus.com\/fr\/wp-json\/wp\/v2\/pages"}],"about":[{"href":"https:\/\/gcanbus.com\/fr\/wp-json\/wp\/v2\/types\/page"}],"author":[{"embeddable":true,"href":"https:\/\/gcanbus.com\/fr\/wp-json\/wp\/v2\/users\/1"}],"replies":[{"embeddable":true,"href":"https:\/\/gcanbus.com\/fr\/wp-json\/wp\/v2\/comments?post=1935"}],"version-history":[{"count":0,"href":"https:\/\/gcanbus.com\/fr\/wp-json\/wp\/v2\/pages\/1935\/revisions"}],"wp:attachment":[{"href":"https:\/\/gcanbus.com\/fr\/wp-json\/wp\/v2\/media?parent=1935"}],"curies":[{"name":"wp","href":"https:\/\/api.w.org\/{rel}","templated":true}]}}