{"id":3544,"date":"2022-09-09T09:32:51","date_gmt":"2022-09-09T01:32:51","guid":{"rendered":"http:\/\/gcanbus.com\/?page_id=3544"},"modified":"2022-09-09T09:32:51","modified_gmt":"2022-09-09T01:32:51","slug":"buy-low-cost-plc","status":"publish","type":"page","link":"https:\/\/gcanbus.com\/es\/buy-low-cost-plc\/","title":{"rendered":"Comprar PLC de bajo coste"},"content":{"rendered":"<div class=\"fusion-fullwidth fullwidth-box fusion-builder-row-1 fusion-flex-container nonhundred-percent-fullwidth non-hundred-percent-height-scrolling\" style=\"--awb-border-radius-top-left:0px;--awb-border-radius-top-right:0px;--awb-border-radius-bottom-right:0px;--awb-border-radius-bottom-left:0px;--awb-flex-wrap:wrap;\" ><div class=\"fusion-builder-row fusion-row fusion-flex-align-items-flex-start fusion-flex-content-wrap\" style=\"max-width:1123.2px;margin-left: calc(-4% \/ 2 );margin-right: calc(-4% \/ 2 );\"><div class=\"fusion-layout-column fusion_builder_column fusion-builder-column-0 fusion_builder_column_1_1 1_1 fusion-flex-column\" style=\"--awb-bg-size:cover;--awb-width-large:100%;--awb-margin-top-large:0px;--awb-spacing-right-large:1.92%;--awb-margin-bottom-large:20px;--awb-spacing-left-large:1.92%;--awb-width-medium:100%;--awb-order-medium:0;--awb-spacing-right-medium:1.92%;--awb-spacing-left-medium:1.92%;--awb-width-small:100%;--awb-order-small:0;--awb-spacing-right-small:1.92%;--awb-spacing-left-small:1.92%;\"><div class=\"fusion-column-wrapper fusion-column-has-shadow fusion-flex-justify-content-flex-start fusion-content-layout-column\"><div class=\"fusion-text fusion-text-1\" style=\"--awb-text-transform:none;\"><p>Si est\u00e1s solo y quieres aprender PLC por primera vez o quiz\u00e1s est\u00e1s empezando en un negocio <strong>tu dinero puede ser bastante escaso<\/strong>.  Una de las reacciones m\u00e1s comunes al comprar un PLC por primera vez es buscar uno barato y duradero. Pero una vez que su negocio vaya por buen camino y quiera expandirse, se encontrar\u00e1 con que tiene que <strong>gastar una fortuna en un nuevo PLC con m\u00e1s interfaces<\/strong>.<\/p>\n<p>Nuestra empresa ofrece PLC escalables asequibles. Si desea obtener m\u00e1s informaci\u00f3n, le invitamos a navegar por nuestro sitio web a trav\u00e9s de la barra de navegaci\u00f3n en la parte superior de la p\u00e1gina.<\/p>\n<\/div><\/div><\/div><\/div><\/div>","protected":false},"excerpt":{"rendered":"","protected":false},"author":1,"featured_media":0,"parent":0,"menu_order":0,"comment_status":"closed","ping_status":"closed","template":"","meta":{"_joinchat":[],"footnotes":""},"class_list":["post-3544","page","type-page","status-publish","hentry"],"_links":{"self":[{"href":"https:\/\/gcanbus.com\/es\/wp-json\/wp\/v2\/pages\/3544","targetHints":{"allow":["GET"]}}],"collection":[{"href":"https:\/\/gcanbus.com\/es\/wp-json\/wp\/v2\/pages"}],"about":[{"href":"https:\/\/gcanbus.com\/es\/wp-json\/wp\/v2\/types\/page"}],"author":[{"embeddable":true,"href":"https:\/\/gcanbus.com\/es\/wp-json\/wp\/v2\/users\/1"}],"replies":[{"embeddable":true,"href":"https:\/\/gcanbus.com\/es\/wp-json\/wp\/v2\/comments?post=3544"}],"version-history":[{"count":0,"href":"https:\/\/gcanbus.com\/es\/wp-json\/wp\/v2\/pages\/3544\/revisions"}],"wp:attachment":[{"href":"https:\/\/gcanbus.com\/es\/wp-json\/wp\/v2\/media?parent=3544"}],"curies":[{"name":"wp","href":"https:\/\/api.w.org\/{rel}","templated":true}]}}