{"id":27,"date":"2020-09-14T11:31:03","date_gmt":"2020-09-14T11:31:03","guid":{"rendered":"http:\/\/gcanbus.com\/?page_id=27"},"modified":"2022-10-19T08:43:42","modified_gmt":"2022-10-19T00:43:42","slug":"news","status":"publish","type":"page","link":"https:\/\/gcanbus.com\/es\/news\/","title":{"rendered":"Noticias"},"content":{"rendered":"<p><div class=\"fusion-fullwidth fullwidth-box fusion-builder-row-1 fusion-flex-container nonhundred-percent-fullwidth non-hundred-percent-height-scrolling\" style=\"--awb-border-radius-top-left:0px;--awb-border-radius-top-right:0px;--awb-border-radius-bottom-right:0px;--awb-border-radius-bottom-left:0px;--awb-padding-top:30px;--awb-flex-wrap:wrap;\" ><div class=\"fusion-builder-row fusion-row fusion-flex-align-items-flex-start fusion-flex-content-wrap\" style=\"max-width:1123.2px;margin-left: calc(-4% \/ 2 );margin-right: calc(-4% \/ 2 );\"><div class=\"fusion-layout-column fusion_builder_column fusion-builder-column-0 fusion_builder_column_1_1 1_1 fusion-flex-column fusion-animated\" style=\"--awb-bg-size:cover;--awb-width-large:100%;--awb-margin-top-large:0px;--awb-spacing-right-large:1.92%;--awb-margin-bottom-large:20px;--awb-spacing-left-large:1.92%;--awb-width-medium:100%;--awb-order-medium:0;--awb-spacing-right-medium:1.92%;--awb-spacing-left-medium:1.92%;--awb-width-small:100%;--awb-order-small:0;--awb-spacing-right-small:1.92%;--awb-spacing-left-small:1.92%;\" data-animationtype=\"fadeInUp\" data-animationduration=\"1.0\" data-animationoffset=\"top-into-view\"><div class=\"fusion-column-wrapper fusion-column-has-shadow fusion-flex-justify-content-flex-start fusion-content-layout-column\"><div class=\"fusion-blog-shortcode fusion-blog-shortcode-1 fusion-blog-archive fusion-blog-layout-grid-wrapper fusion-blog-pagination fusion-blog-layout-center\"><style type=\"text\/css\">.fusion-blog-shortcode-1 .fusion-blog-layout-grid .fusion-post-grid{padding:20px;}.fusion-blog-shortcode-1 .fusion-posts-container{margin-left: -20px !important; margin-right:-20px !important;}<\/style><div class=\"fusion-posts-container fusion-posts-container-pagination fusion-blog-layout-grid fusion-blog-layout-grid-3 isotope fusion-blog-equal-heights\" data-pages=\"37\" data-grid-col-space=\"40\" style=\"margin: -20px -20px 0;min-height:500px;\"><article id=\"blog-1-post-5288\" class=\"fusion-post-grid post-5288 post type-post status-publish format-standard has-post-thumbnail hentry category-news tag-can-repeater tag-canbus\">\n<div class=\"fusion-post-wrapper\" style=\"background-color:rgba(255,255,255,0);border:none;\">\n\n\t\t\t<div class=\"fusion-flexslider flexslider fusion-flexslider-loading fusion-post-slideshow\" style=\"border-color:rgba(242,243,245,0);\">\n\t\t<ul class=\"slides\">\n\t\t\t\n\t\t\t\t\t\t\t\t\t\t\t\t\t\t<li><div  class=\"fusion-image-wrapper\" aria-haspopup=\"true\">\n\t\t\t\t\t\t\t<a href=\"https:\/\/gcanbus.com\/es\/can-repeater\/\" aria-label=\"Repetidor CAN\">\n\t\t\t\t\t\t\t<img decoding=\"async\" width=\"1024\" height=\"1024\" src=\"https:\/\/gcanbus.com\/wp-content\/uploads\/2024\/12\/Bus-Repeater.webp\" class=\"attachment-full size-full lazyload wp-post-image\" alt=\"\" srcset=\"data:image\/svg+xml,%3Csvg%20xmlns%3D%27http%3A%2F%2Fwww.w3.org%2F2000%2Fsvg%27%20width%3D%271024%27%20height%3D%271024%27%20viewBox%3D%270%200%201024%201024%27%3E%3Crect%20width%3D%271024%27%20height%3D%271024%27%20fill-opacity%3D%220%22%2F%3E%3C%2Fsvg%3E\" data-orig-src=\"https:\/\/gcanbus.com\/wp-content\/uploads\/2024\/12\/Bus-Repeater.webp\" data-srcset=\"https:\/\/gcanbus.com\/wp-content\/uploads\/2024\/12\/Bus-Repeater-12x12.webp 12w, https:\/\/gcanbus.com\/wp-content\/uploads\/2024\/12\/Bus-Repeater-66x66.webp 66w, https:\/\/gcanbus.com\/wp-content\/uploads\/2024\/12\/Bus-Repeater-150x150.webp 150w, https:\/\/gcanbus.com\/wp-content\/uploads\/2024\/12\/Bus-Repeater-200x200.webp 200w, https:\/\/gcanbus.com\/wp-content\/uploads\/2024\/12\/Bus-Repeater-300x300.webp 300w, https:\/\/gcanbus.com\/wp-content\/uploads\/2024\/12\/Bus-Repeater-400x400.webp 400w, https:\/\/gcanbus.com\/wp-content\/uploads\/2024\/12\/Bus-Repeater-600x600.webp 600w, https:\/\/gcanbus.com\/wp-content\/uploads\/2024\/12\/Bus-Repeater-768x768.webp 768w, https:\/\/gcanbus.com\/wp-content\/uploads\/2024\/12\/Bus-Repeater-800x800.webp 800w, https:\/\/gcanbus.com\/wp-content\/uploads\/2024\/12\/Bus-Repeater.webp 1024w\" data-sizes=\"auto\" \/>\t\t\t<\/a>\n\t\t\t\t\t\t\t<\/div>\n<\/li>\n\t\t\t\n\t\t\t\n\t\t\t\t\t\t\t\t\t\t\t\t\t\t\t\t\t\t\t\t\t\t\t\t\t\t\t\t\t\t\t\t\t\t\t\t\t\t\t\t\t\t\t\t\t\t\t\t\t\t\t\t\t\t\t\t\t\t\t\t\t\t\t\t\t\t\t\t<\/ul>\n\t<\/div>\n\t<div class=\"fusion-post-content-wrapper\" style=\"padding:30px 25px 25px 00px;\"><div class=\"fusion-post-content post-content\"><h2 class=\"blog-shortcode-post-title entry-title\"><a href=\"https:\/\/gcanbus.com\/es\/can-repeater\/\">Repetidor CAN<\/a><\/h2><p class=\"fusion-single-line-meta\"><span class=\"vcard\" style=\"display: none;\"><span class=\"fn\"><a href=\"https:\/\/gcanbus.com\/es\/author\/623934120qq-com\/\" title=\"Entradas de Vhandy\" rel=\"author\">Vhandy<\/a><\/span><\/span><span class=\"updated\" style=\"display:none;\">2025-03-19T15:12:35+08:00,\u00bfCu\u00e1les son los proyectos de uso y aplicaci\u00f3n de los repetidores CAN? Los repetidores CAN son dispositivos que se utilizan para ampliar ...<\/span><span>03\/19\/2025<\/span><span class=\"fusion-inline-sep\">|<\/span><\/p><div class=\"fusion-content-sep sep-none\"><\/div><div class=\"fusion-post-content-container\"><p> \u00bfCu\u00e1les son los proyectos de uso y aplicaci\u00f3n de los repetidores CAN? Los repetidores CAN son dispositivos que se utilizan para ampliar el alcance...<\/p><\/div><\/div><\/div><div class=\"fusion-clearfix\"><\/div><\/div>\n<\/article>\n<article id=\"blog-1-post-5182\" class=\"fusion-post-grid post-5182 post type-post status-publish format-standard has-post-thumbnail hentry category-news tag-can-fd tag-can-fd-to-ethernet\">\n<div class=\"fusion-post-wrapper\" style=\"background-color:rgba(255,255,255,0);border:none;\">\n\n\t\t\t<div class=\"fusion-flexslider flexslider fusion-flexslider-loading fusion-post-slideshow\" style=\"border-color:rgba(242,243,245,0);\">\n\t\t<ul class=\"slides\">\n\t\t\t\n\t\t\t\t\t\t\t\t\t\t\t\t\t\t<li><div  class=\"fusion-image-wrapper\" aria-haspopup=\"true\">\n\t\t\t\t\t\t\t<a href=\"https:\/\/gcanbus.com\/es\/can-fd-to-ethernet-application\/\" aria-label=\"Aplicaci\u00f3n de CAN FD a Ethernet\">\n\t\t\t\t\t\t\t<img decoding=\"async\" width=\"1024\" height=\"1024\" src=\"https:\/\/gcanbus.com\/wp-content\/uploads\/2024\/10\/canfd-analyzer.webp\" class=\"attachment-full size-full lazyload wp-post-image\" alt=\"\" srcset=\"data:image\/svg+xml,%3Csvg%20xmlns%3D%27http%3A%2F%2Fwww.w3.org%2F2000%2Fsvg%27%20width%3D%271024%27%20height%3D%271024%27%20viewBox%3D%270%200%201024%201024%27%3E%3Crect%20width%3D%271024%27%20height%3D%271024%27%20fill-opacity%3D%220%22%2F%3E%3C%2Fsvg%3E\" data-orig-src=\"https:\/\/gcanbus.com\/wp-content\/uploads\/2024\/10\/canfd-analyzer.webp\" data-srcset=\"https:\/\/gcanbus.com\/wp-content\/uploads\/2024\/10\/canfd-analyzer-12x12.webp 12w, https:\/\/gcanbus.com\/wp-content\/uploads\/2024\/10\/canfd-analyzer-66x66.webp 66w, https:\/\/gcanbus.com\/wp-content\/uploads\/2024\/10\/canfd-analyzer-150x150.webp 150w, https:\/\/gcanbus.com\/wp-content\/uploads\/2024\/10\/canfd-analyzer-200x200.webp 200w, https:\/\/gcanbus.com\/wp-content\/uploads\/2024\/10\/canfd-analyzer-300x300.webp 300w, https:\/\/gcanbus.com\/wp-content\/uploads\/2024\/10\/canfd-analyzer-400x400.webp 400w, https:\/\/gcanbus.com\/wp-content\/uploads\/2024\/10\/canfd-analyzer-600x600.webp 600w, https:\/\/gcanbus.com\/wp-content\/uploads\/2024\/10\/canfd-analyzer-768x768.webp 768w, https:\/\/gcanbus.com\/wp-content\/uploads\/2024\/10\/canfd-analyzer-800x800.webp 800w, https:\/\/gcanbus.com\/wp-content\/uploads\/2024\/10\/canfd-analyzer.webp 1024w\" data-sizes=\"auto\" \/>\t\t\t<\/a>\n\t\t\t\t\t\t\t<\/div>\n<\/li>\n\t\t\t\n\t\t\t\n\t\t\t\t\t\t\t\t\t\t\t\t\t\t\t\t\t\t\t\t\t\t\t\t\t\t\t\t\t\t\t\t\t\t\t\t\t\t\t\t\t\t\t\t\t\t\t\t\t\t\t\t\t\t\t\t\t\t\t\t\t\t\t\t\t\t\t\t<\/ul>\n\t<\/div>\n\t<div class=\"fusion-post-content-wrapper\" style=\"padding:30px 25px 25px 00px;\"><div class=\"fusion-post-content post-content\"><h2 class=\"blog-shortcode-post-title entry-title\"><a href=\"https:\/\/gcanbus.com\/es\/can-fd-to-ethernet-application\/\">Aplicaci\u00f3n de CAN FD a Ethernet<\/a><\/h2><p class=\"fusion-single-line-meta\"><span class=\"vcard\" style=\"display: none;\"><span class=\"fn\"><a href=\"https:\/\/gcanbus.com\/es\/author\/623934120qq-com\/\" title=\"Entradas de Vhandy\" rel=\"author\">Vhandy<\/a><\/span><\/span><span class=\"updated\" style=\"display:none;\">2025-03-11T16:23:33+08:00<\/span><span>03\/11\/2025<\/span><span class=\"fusion-inline-sep\">|<\/span><\/p><div class=\"fusion-content-sep sep-none\"><\/div><div class=\"fusion-post-content-container\"><p> CAN FD a Ethernet m\u00f3dulo es ampliamente utilizado en muchos campos y proyectos, principalmente utilizados para realizar la conversi\u00f3n de datos ...<\/p><\/div><\/div><\/div><div class=\"fusion-clearfix\"><\/div><\/div>\n<\/article>\n<article id=\"blog-1-post-5041\" class=\"fusion-post-grid post-5041 post type-post status-publish format-standard has-post-thumbnail hentry category-news tag-canbus tag-canopen tag-converter tag-gateway\">\n<div class=\"fusion-post-wrapper\" style=\"background-color:rgba(255,255,255,0);border:none;\">\n\n\t\t\t<div class=\"fusion-flexslider flexslider fusion-flexslider-loading fusion-post-slideshow\" style=\"border-color:rgba(242,243,245,0);\">\n\t\t<ul class=\"slides\">\n\t\t\t\n\t\t\t\t\t\t\t\t\t\t\t\t\t\t<li><div  class=\"fusion-image-wrapper\" aria-haspopup=\"true\">\n\t\t\t\t\t\t\t<a href=\"https:\/\/gcanbus.com\/es\/canopen-to-can-module-application\/\" aria-label=\"Aplicaci\u00f3n de CANopen a m\u00f3dulo CAN\">\n\t\t\t\t\t\t\t<img decoding=\"async\" width=\"800\" height=\"800\" src=\"https:\/\/gcanbus.com\/wp-content\/uploads\/2021\/12\/Programmable-Smart-Gateway-series-2.jpg\" class=\"attachment-full size-full lazyload wp-post-image\" alt=\"\" srcset=\"data:image\/svg+xml,%3Csvg%20xmlns%3D%27http%3A%2F%2Fwww.w3.org%2F2000%2Fsvg%27%20width%3D%27800%27%20height%3D%27800%27%20viewBox%3D%270%200%20800%20800%27%3E%3Crect%20width%3D%27800%27%20height%3D%27800%27%20fill-opacity%3D%220%22%2F%3E%3C%2Fsvg%3E\" data-orig-src=\"https:\/\/gcanbus.com\/wp-content\/uploads\/2021\/12\/Programmable-Smart-Gateway-series-2.jpg\" data-srcset=\"https:\/\/gcanbus.com\/wp-content\/uploads\/2021\/12\/Programmable-Smart-Gateway-series-2-200x200.jpg 200w, https:\/\/gcanbus.com\/wp-content\/uploads\/2021\/12\/Programmable-Smart-Gateway-series-2-400x400.jpg 400w, https:\/\/gcanbus.com\/wp-content\/uploads\/2021\/12\/Programmable-Smart-Gateway-series-2-600x600.jpg 600w, https:\/\/gcanbus.com\/wp-content\/uploads\/2021\/12\/Programmable-Smart-Gateway-series-2.jpg 800w\" data-sizes=\"auto\" \/>\t\t\t<\/a>\n\t\t\t\t\t\t\t<\/div>\n<\/li>\n\t\t\t\n\t\t\t\n\t\t\t\t\t\t\t\t\t\t\t\t\t\t\t\t\t\t\t\t\t\t\t\t\t\t\t\t\t\t\t\t\t\t\t\t\t\t\t\t\t\t\t\t\t\t\t\t\t\t\t\t\t\t\t\t\t\t\t\t\t\t\t\t\t\t\t\t<\/ul>\n\t<\/div>\n\t<div class=\"fusion-post-content-wrapper\" style=\"padding:30px 25px 25px 00px;\"><div class=\"fusion-post-content post-content\"><h2 class=\"blog-shortcode-post-title entry-title\"><a href=\"https:\/\/gcanbus.com\/es\/canopen-to-can-module-application\/\">Aplicaci\u00f3n de CANopen a m\u00f3dulo CAN<\/a><\/h2><p class=\"fusion-single-line-meta\"><span class=\"vcard\" style=\"display: none;\"><span class=\"fn\"><a href=\"https:\/\/gcanbus.com\/es\/author\/623934120qq-com\/\" title=\"Entradas de Vhandy\" rel=\"author\">Vhandy<\/a><\/span><\/span><span class=\"updated\" style=\"display:none;\">2025-02-20T15:53:55+08:00<\/span><span>02\/20\/2025<\/span><span class=\"fusion-inline-sep\">|<\/span><\/p><div class=\"fusion-content-sep sep-none\"><\/div><div class=\"fusion-post-content-container\"><p> 1. Automatizaci\u00f3n industrial Escenario de aplicaci\u00f3n: l\u00ednea de producci\u00f3n automatizada Aplicaci\u00f3n espec\u00edfica: En la fabricaci\u00f3n de autom\u00f3viles, el m\u00f3dulo se utiliza para conectar ...<\/p><\/div><\/div><\/div><div class=\"fusion-clearfix\"><\/div><\/div>\n<\/article>\n<article id=\"blog-1-post-5036\" class=\"fusion-post-grid post-5036 post type-post status-publish format-standard has-post-thumbnail hentry category-news tag-can-protocal tag-canbus tag-canbus-analyzer tag-failure-analysis\">\n<div class=\"fusion-post-wrapper\" style=\"background-color:rgba(255,255,255,0);border:none;\">\n\n\t\t\t<div class=\"fusion-flexslider flexslider fusion-flexslider-loading fusion-post-slideshow\" style=\"border-color:rgba(242,243,245,0);\">\n\t\t<ul class=\"slides\">\n\t\t\t\n\t\t\t\t\t\t\t\t\t\t\t\t\t\t<li><div  class=\"fusion-image-wrapper\" aria-haspopup=\"true\">\n\t\t\t\t\t\t\t<a href=\"https:\/\/gcanbus.com\/es\/can-bus-failure-analysis\/\" aria-label=\"An\u00e1lisis de fallos del bus CAN\">\n\t\t\t\t\t\t\t<img decoding=\"async\" width=\"1024\" height=\"1024\" src=\"https:\/\/gcanbus.com\/wp-content\/uploads\/2025\/02\/canbus-analyzer.jpg\" class=\"attachment-full size-full lazyload wp-post-image\" alt=\"\" srcset=\"data:image\/svg+xml,%3Csvg%20xmlns%3D%27http%3A%2F%2Fwww.w3.org%2F2000%2Fsvg%27%20width%3D%271024%27%20height%3D%271024%27%20viewBox%3D%270%200%201024%201024%27%3E%3Crect%20width%3D%271024%27%20height%3D%271024%27%20fill-opacity%3D%220%22%2F%3E%3C%2Fsvg%3E\" data-orig-src=\"https:\/\/gcanbus.com\/wp-content\/uploads\/2025\/02\/canbus-analyzer.jpg\" data-srcset=\"https:\/\/gcanbus.com\/wp-content\/uploads\/2025\/02\/canbus-analyzer-200x200.jpg 200w, https:\/\/gcanbus.com\/wp-content\/uploads\/2025\/02\/canbus-analyzer-400x400.jpg 400w, https:\/\/gcanbus.com\/wp-content\/uploads\/2025\/02\/canbus-analyzer-600x600.jpg 600w, https:\/\/gcanbus.com\/wp-content\/uploads\/2025\/02\/canbus-analyzer-800x800.jpg 800w, https:\/\/gcanbus.com\/wp-content\/uploads\/2025\/02\/canbus-analyzer.jpg 1024w\" data-sizes=\"auto\" \/>\t\t\t<\/a>\n\t\t\t\t\t\t\t<\/div>\n<\/li>\n\t\t\t\n\t\t\t\n\t\t\t\t\t\t\t\t\t\t\t\t\t\t\t\t\t\t\t\t\t\t\t\t\t\t\t\t\t\t\t\t\t\t\t\t\t\t\t\t\t\t\t\t\t\t\t\t\t\t\t\t\t\t\t\t\t\t\t\t\t\t\t\t\t\t\t\t<\/ul>\n\t<\/div>\n\t<div class=\"fusion-post-content-wrapper\" style=\"padding:30px 25px 25px 00px;\"><div class=\"fusion-post-content post-content\"><h2 class=\"blog-shortcode-post-title entry-title\"><a href=\"https:\/\/gcanbus.com\/es\/can-bus-failure-analysis\/\">An\u00e1lisis de fallos del bus CAN<\/a><\/h2><p class=\"fusion-single-line-meta\"><span class=\"vcard\" style=\"display: none;\"><span class=\"fn\"><a href=\"https:\/\/gcanbus.com\/es\/author\/623934120qq-com\/\" title=\"Entradas de Vhandy\" rel=\"author\">Vhandy<\/a><\/span><\/span><span class=\"updated\" style=\"display:none;\">2025-02-11T16:45:12+08:00<\/span><span>02\/11\/2025<\/span><span class=\"fusion-inline-sep\">|<\/span><\/p><div class=\"fusion-content-sep sep-none\"><\/div><div class=\"fusion-post-content-container\"><p> Los motivos de los fallos del bus CAN son diversos. He aqu\u00ed algunas razones comunes y sus correspondientes soluciones:  1. ...<\/p><\/div><\/div><\/div><div class=\"fusion-clearfix\"><\/div><\/div>\n<\/article>\n<article id=\"blog-1-post-5025\" class=\"fusion-post-grid post-5025 post type-post status-publish format-standard has-post-thumbnail hentry category-news tag-can-repeater tag-canbus-converter tag-canbus-repeater\">\n<div class=\"fusion-post-wrapper\" style=\"background-color:rgba(255,255,255,0);border:none;\">\n\n\t\t\t<div class=\"fusion-flexslider flexslider fusion-flexslider-loading fusion-post-slideshow\" style=\"border-color:rgba(242,243,245,0);\">\n\t\t<ul class=\"slides\">\n\t\t\t\n\t\t\t\t\t\t\t\t\t\t\t\t\t\t<li><div  class=\"fusion-image-wrapper\" aria-haspopup=\"true\">\n\t\t\t\t\t\t\t<a href=\"https:\/\/gcanbus.com\/es\/common-errors-in-can-repeater-applications\/\" aria-label=\"Errores comunes en aplicaciones de repetidores CAN\">\n\t\t\t\t\t\t\t<img decoding=\"async\" width=\"1024\" height=\"1024\" src=\"https:\/\/gcanbus.com\/wp-content\/uploads\/2024\/12\/Bus-Repeater.webp\" class=\"attachment-full size-full lazyload wp-post-image\" alt=\"\" srcset=\"data:image\/svg+xml,%3Csvg%20xmlns%3D%27http%3A%2F%2Fwww.w3.org%2F2000%2Fsvg%27%20width%3D%271024%27%20height%3D%271024%27%20viewBox%3D%270%200%201024%201024%27%3E%3Crect%20width%3D%271024%27%20height%3D%271024%27%20fill-opacity%3D%220%22%2F%3E%3C%2Fsvg%3E\" data-orig-src=\"https:\/\/gcanbus.com\/wp-content\/uploads\/2024\/12\/Bus-Repeater.webp\" data-srcset=\"https:\/\/gcanbus.com\/wp-content\/uploads\/2024\/12\/Bus-Repeater-12x12.webp 12w, https:\/\/gcanbus.com\/wp-content\/uploads\/2024\/12\/Bus-Repeater-66x66.webp 66w, https:\/\/gcanbus.com\/wp-content\/uploads\/2024\/12\/Bus-Repeater-150x150.webp 150w, https:\/\/gcanbus.com\/wp-content\/uploads\/2024\/12\/Bus-Repeater-200x200.webp 200w, https:\/\/gcanbus.com\/wp-content\/uploads\/2024\/12\/Bus-Repeater-300x300.webp 300w, https:\/\/gcanbus.com\/wp-content\/uploads\/2024\/12\/Bus-Repeater-400x400.webp 400w, https:\/\/gcanbus.com\/wp-content\/uploads\/2024\/12\/Bus-Repeater-600x600.webp 600w, https:\/\/gcanbus.com\/wp-content\/uploads\/2024\/12\/Bus-Repeater-768x768.webp 768w, https:\/\/gcanbus.com\/wp-content\/uploads\/2024\/12\/Bus-Repeater-800x800.webp 800w, https:\/\/gcanbus.com\/wp-content\/uploads\/2024\/12\/Bus-Repeater.webp 1024w\" data-sizes=\"auto\" \/>\t\t\t<\/a>\n\t\t\t\t\t\t\t<\/div>\n<\/li>\n\t\t\t\n\t\t\t\n\t\t\t\t\t\t\t\t\t\t\t\t\t\t\t\t\t\t\t\t\t\t\t\t\t\t\t\t\t\t\t\t\t\t\t\t\t\t\t\t\t\t\t\t\t\t\t\t\t\t\t\t\t\t\t\t\t\t\t\t\t\t\t\t\t\t\t\t<\/ul>\n\t<\/div>\n\t<div class=\"fusion-post-content-wrapper\" style=\"padding:30px 25px 25px 00px;\"><div class=\"fusion-post-content post-content\"><h2 class=\"blog-shortcode-post-title entry-title\"><a href=\"https:\/\/gcanbus.com\/es\/common-errors-in-can-repeater-applications\/\">Errores comunes en aplicaciones de repetidores CAN<\/a><\/h2><p class=\"fusion-single-line-meta\"><span class=\"vcard\" style=\"display: none;\"><span class=\"fn\"><a href=\"https:\/\/gcanbus.com\/es\/author\/623934120qq-com\/\" title=\"Entradas de Vhandy\" rel=\"author\">Vhandy<\/a><\/span><\/span><span class=\"updated\" style=\"display:none;\">2024-12-13T17:14:51+08:00<\/span><span>12\/13\/2024<\/span><span class=\"fusion-inline-sep\">|<\/span><\/p><div class=\"fusion-content-sep sep-none\"><\/div><div class=\"fusion-post-content-container\"><p> Los repetidores CAN pueden encontrarse con algunos errores comunes en sus aplicaciones, que pueden provenir de m\u00faltiples aspectos. Los siguientes son ...<\/p><\/div><\/div><\/div><div class=\"fusion-clearfix\"><\/div><\/div>\n<\/article>\n<article id=\"blog-1-post-5019\" class=\"fusion-post-grid post-5019 post type-post status-publish format-standard has-post-thumbnail hentry category-news tag-codesys-plc tag-plc tag-smart-plc\">\n<div class=\"fusion-post-wrapper\" style=\"background-color:rgba(255,255,255,0);border:none;\">\n\n\t\t\t<div class=\"fusion-flexslider flexslider fusion-flexslider-loading fusion-post-slideshow\" style=\"border-color:rgba(242,243,245,0);\">\n\t\t<ul class=\"slides\">\n\t\t\t\n\t\t\t\t\t\t\t\t\t\t\t\t\t\t<li><div  class=\"fusion-image-wrapper\" aria-haspopup=\"true\">\n\t\t\t\t\t\t\t<a href=\"https:\/\/gcanbus.com\/es\/how-to-use-plc-with-repeater\/\" aria-label=\"\u00bfC\u00f3mo utilizar el PLC con el repetidor?\">\n\t\t\t\t\t\t\t<img decoding=\"async\" width=\"1024\" height=\"1024\" src=\"https:\/\/gcanbus.com\/wp-content\/uploads\/2024\/12\/gcan-plc-controller.webp\" class=\"attachment-full size-full lazyload wp-post-image\" alt=\"\" srcset=\"data:image\/svg+xml,%3Csvg%20xmlns%3D%27http%3A%2F%2Fwww.w3.org%2F2000%2Fsvg%27%20width%3D%271024%27%20height%3D%271024%27%20viewBox%3D%270%200%201024%201024%27%3E%3Crect%20width%3D%271024%27%20height%3D%271024%27%20fill-opacity%3D%220%22%2F%3E%3C%2Fsvg%3E\" data-orig-src=\"https:\/\/gcanbus.com\/wp-content\/uploads\/2024\/12\/gcan-plc-controller.webp\" data-srcset=\"https:\/\/gcanbus.com\/wp-content\/uploads\/2024\/12\/gcan-plc-controller-12x12.webp 12w, https:\/\/gcanbus.com\/wp-content\/uploads\/2024\/12\/gcan-plc-controller-66x66.webp 66w, https:\/\/gcanbus.com\/wp-content\/uploads\/2024\/12\/gcan-plc-controller-150x150.webp 150w, https:\/\/gcanbus.com\/wp-content\/uploads\/2024\/12\/gcan-plc-controller-200x200.webp 200w, https:\/\/gcanbus.com\/wp-content\/uploads\/2024\/12\/gcan-plc-controller-300x300.webp 300w, https:\/\/gcanbus.com\/wp-content\/uploads\/2024\/12\/gcan-plc-controller-400x400.webp 400w, https:\/\/gcanbus.com\/wp-content\/uploads\/2024\/12\/gcan-plc-controller-600x600.webp 600w, https:\/\/gcanbus.com\/wp-content\/uploads\/2024\/12\/gcan-plc-controller-768x768.webp 768w, https:\/\/gcanbus.com\/wp-content\/uploads\/2024\/12\/gcan-plc-controller-800x800.webp 800w, https:\/\/gcanbus.com\/wp-content\/uploads\/2024\/12\/gcan-plc-controller.webp 1024w\" data-sizes=\"auto\" \/>\t\t\t<\/a>\n\t\t\t\t\t\t\t<\/div>\n<\/li>\n\t\t\t\n\t\t\t\n\t\t\t\t\t\t\t\t\t\t\t\t\t\t\t\t\t\t\t\t\t\t\t\t\t\t\t\t\t\t\t\t\t\t\t\t\t\t\t\t\t\t\t\t\t\t\t\t\t\t\t\t\t\t\t\t\t\t\t\t\t\t\t\t\t\t\t\t<\/ul>\n\t<\/div>\n\t<div class=\"fusion-post-content-wrapper\" style=\"padding:30px 25px 25px 00px;\"><div class=\"fusion-post-content post-content\"><h2 class=\"blog-shortcode-post-title entry-title\"><a href=\"https:\/\/gcanbus.com\/es\/how-to-use-plc-with-repeater\/\">\u00bfC\u00f3mo utilizar el PLC con el repetidor?<\/a><\/h2><p class=\"fusion-single-line-meta\"><span class=\"vcard\" style=\"display: none;\"><span class=\"fn\"><a href=\"https:\/\/gcanbus.com\/es\/author\/623934120qq-com\/\" title=\"Entradas de Vhandy\" rel=\"author\">Vhandy<\/a><\/span><\/span><span class=\"updated\" style=\"display:none;\">2024-12-10T15:34:36+08:00<\/span><span>12\/10\/2024<\/span><span class=\"fusion-inline-sep\">|<\/span><\/p><div class=\"fusion-content-sep sep-none\"><\/div><div class=\"fusion-post-content-container\"><p> Seleccione el repetidor adecuado: debe seleccionar un repetidor compatible seg\u00fan el protocolo de comunicaci\u00f3n y la distancia de comunicaci\u00f3n ...<\/p><\/div><\/div><\/div><div class=\"fusion-clearfix\"><\/div><\/div>\n<\/article>\n<div class=\"fusion-clearfix\"><\/div><\/div><div class=\"pagination clearfix\"><span class=\"current\">1<\/span><a href=\"https:\/\/gcanbus.com\/es\/wp-json\/wp\/v2\/pages\/27\/page\/2\/\" class=\"inactive\">2<\/a><a href=\"https:\/\/gcanbus.com\/es\/wp-json\/wp\/v2\/pages\/27\/page\/3\/\" class=\"inactive\">3<\/a><a href=\"https:\/\/gcanbus.com\/es\/wp-json\/wp\/v2\/pages\/27\/page\/4\/\" class=\"inactive\">4<\/a><a href=\"https:\/\/gcanbus.com\/es\/wp-json\/wp\/v2\/pages\/27\/page\/5\/\" class=\"inactive\">5<\/a><a href=\"https:\/\/gcanbus.com\/es\/wp-json\/wp\/v2\/pages\/27\/page\/6\/\" class=\"inactive\">6<\/a><a href=\"https:\/\/gcanbus.com\/es\/wp-json\/wp\/v2\/pages\/27\/page\/7\/\" class=\"inactive\">7<\/a><a href=\"https:\/\/gcanbus.com\/es\/wp-json\/wp\/v2\/pages\/27\/page\/8\/\" class=\"inactive\">8<\/a><a href=\"https:\/\/gcanbus.com\/es\/wp-json\/wp\/v2\/pages\/27\/page\/9\/\" class=\"inactive\">9<\/a><a href=\"https:\/\/gcanbus.com\/es\/wp-json\/wp\/v2\/pages\/27\/page\/10\/\" class=\"inactive\">10<\/a><a href=\"https:\/\/gcanbus.com\/es\/wp-json\/wp\/v2\/pages\/27\/page\/11\/\" class=\"inactive\">11<\/a><a class=\"pagination-next\" rel=\"next\" href=\"https:\/\/gcanbus.com\/es\/wp-json\/wp\/v2\/pages\/27\/page\/2\/\"><span class=\"page-text\">Siguiente<\/span><span class=\"page-next\"><\/span><\/a><\/div><div class=\"fusion-clearfix\"><\/div><\/div><\/div><\/div><\/div><\/div><\/p>","protected":false},"excerpt":{"rendered":"","protected":false},"author":1,"featured_media":0,"parent":0,"menu_order":0,"comment_status":"closed","ping_status":"closed","template":"100-width.php","meta":{"_joinchat":[],"footnotes":""},"class_list":["post-27","page","type-page","status-publish","hentry"],"_links":{"self":[{"href":"https:\/\/gcanbus.com\/es\/wp-json\/wp\/v2\/pages\/27","targetHints":{"allow":["GET"]}}],"collection":[{"href":"https:\/\/gcanbus.com\/es\/wp-json\/wp\/v2\/pages"}],"about":[{"href":"https:\/\/gcanbus.com\/es\/wp-json\/wp\/v2\/types\/page"}],"author":[{"embeddable":true,"href":"https:\/\/gcanbus.com\/es\/wp-json\/wp\/v2\/users\/1"}],"replies":[{"embeddable":true,"href":"https:\/\/gcanbus.com\/es\/wp-json\/wp\/v2\/comments?post=27"}],"version-history":[{"count":0,"href":"https:\/\/gcanbus.com\/es\/wp-json\/wp\/v2\/pages\/27\/revisions"}],"wp:attachment":[{"href":"https:\/\/gcanbus.com\/es\/wp-json\/wp\/v2\/media?parent=27"}],"curies":[{"name":"wp","href":"https:\/\/api.w.org\/{rel}","templated":true}]}}